{"id":11,"date":"2019-09-04T14:56:10","date_gmt":"2019-09-04T17:56:10","guid":{"rendered":"http:\/\/papayavitta.com.br\/?page_id=11"},"modified":"2021-05-28T15:27:43","modified_gmt":"2021-05-28T18:27:43","slug":"produtos","status":"publish","type":"page","link":"https:\/\/papayavitta.com.br\/en\/produtos\/","title":{"rendered":"Products"},"content":{"rendered":"<p>The production of the papaya Vitta follows a series of precautions with the environment, with the quality of the food and, mainly, with the people. All of our products are grown following the guidelines of integrated agriculture, a set of more sustainable production techniques, in plantations located in the Southeast and Northeast of Brazil.<\/p>\n<p>In this way, we are able to guarantee that the production of papaya has a positive impact on local communities and that the fruit reaching the consumer&#8217;s table will have all the benefits that their health deserves.<\/p>\n<p>.<\/p>","protected":false},"excerpt":{"rendered":"<p>The production of the papaya Vitta follows a series of precautions with the environment, with the quality of the food and, mainly, with the people. All of our products are grown following the guidelines of integrated agriculture, a set of more sustainable production techniques, in plantations located in the Southeast and Northeast of Brazil. In [&hellip;]<\/p>\n","protected":false},"author":1,"featured_media":0,"parent":0,"menu_order":3,"comment_status":"closed","ping_status":"closed","template":"page-produtos.php","meta":{"footnotes":""},"class_list":["post-11","page","type-page","status-publish","hentry"],"yoast_head":"\n<title>(PT) Produtos Vitta: Mais m\u00e3m\u00e3o na sua vida - Exporta\u00e7\u00e3o Interfruit<\/title>\n<meta name=\"description\" content=\"(PT) Os produtos Vitta s\u00e3o apresentados nos mam\u00f5es Golden e Formosa, que s\u00e3o diferentes em sua forma e ponto de matura\u00e7\u00e3o, ambos com sabor incompar\u00e1vel!\" \/>\n<meta name=\"robots\" content=\"index, follow, max-snippet:-1, max-image-preview:large, max-video-preview:-1\" \/>\n<link rel=\"canonical\" href=\"https:\/\/papayavitta.com.br\/en\/produtos\/\" \/>\n<meta property=\"og:locale\" content=\"en_US\" \/>\n<meta property=\"og:type\" content=\"article\" \/>\n<meta property=\"og:title\" content=\"(PT) Produtos Vitta: Mais m\u00e3m\u00e3o na sua vida - Exporta\u00e7\u00e3o Interfruit\" \/>\n<meta property=\"og:description\" content=\"(PT) Os produtos Vitta s\u00e3o apresentados nos mam\u00f5es Golden e Formosa, que s\u00e3o diferentes em sua forma e ponto de matura\u00e7\u00e3o, ambos com sabor incompar\u00e1vel!\" \/>\n<meta property=\"og:url\" content=\"https:\/\/papayavitta.com.br\/en\/produtos\/\" \/>\n<meta property=\"og:site_name\" content=\"Vitta\" \/>\n<meta property=\"article:modified_time\" content=\"2021-05-28T18:27:43+00:00\" \/>\n<meta name=\"twitter:card\" content=\"summary_large_image\" \/>\n<meta name=\"twitter:label1\" content=\"Est. reading time\" \/>\n\t<meta name=\"twitter:data1\" content=\"1 minute\" \/>\n<script type=\"application\/ld+json\" class=\"yoast-schema-graph\">{\"@context\":\"https:\/\/schema.org\",\"@graph\":[{\"@type\":\"WebPage\",\"@id\":\"https:\/\/papayavitta.com.br\/en\/produtos\/\",\"url\":\"https:\/\/papayavitta.com.br\/en\/produtos\/\",\"name\":\"(PT) Produtos Vitta: Mais m\u00e3m\u00e3o na sua vida - Exporta\u00e7\u00e3o Interfruit\",\"isPartOf\":{\"@id\":\"http:\/\/papayavitta.com.br\/en\/#website\"},\"datePublished\":\"2019-09-04T17:56:10+00:00\",\"dateModified\":\"2021-05-28T18:27:43+00:00\",\"description\":\"(PT) Os produtos Vitta s\u00e3o apresentados nos mam\u00f5es Golden e Formosa, que s\u00e3o diferentes em sua forma e ponto de matura\u00e7\u00e3o, ambos com sabor incompar\u00e1vel!\",\"breadcrumb\":{\"@id\":\"https:\/\/papayavitta.com.br\/en\/produtos\/#breadcrumb\"},\"inLanguage\":\"en-US\",\"potentialAction\":[{\"@type\":\"ReadAction\",\"target\":[\"https:\/\/papayavitta.com.br\/en\/produtos\/\"]}]},{\"@type\":\"BreadcrumbList\",\"@id\":\"https:\/\/papayavitta.com.br\/en\/produtos\/#breadcrumb\",\"itemListElement\":[{\"@type\":\"ListItem\",\"position\":1,\"name\":\"In\u00edcio\",\"item\":\"http:\/\/papayavitta.com.br\/en\/\"},{\"@type\":\"ListItem\",\"position\":2,\"name\":\"Products\"}]},{\"@type\":\"WebSite\",\"@id\":\"http:\/\/papayavitta.com.br\/en\/#website\",\"url\":\"http:\/\/papayavitta.com.br\/en\/\",\"name\":\"Vitta\",\"description\":\"Brazilian fruit\",\"publisher\":{\"@id\":\"http:\/\/papayavitta.com.br\/en\/#organization\"},\"potentialAction\":[{\"@type\":\"SearchAction\",\"target\":{\"@type\":\"EntryPoint\",\"urlTemplate\":\"http:\/\/papayavitta.com.br\/en\/?s={search_term_string}\"},\"query-input\":{\"@type\":\"PropertyValueSpecification\",\"valueRequired\":true,\"valueName\":\"search_term_string\"}}],\"inLanguage\":\"en-US\"},{\"@type\":\"Organization\",\"@id\":\"http:\/\/papayavitta.com.br\/en\/#organization\",\"name\":\"Vitta\",\"url\":\"http:\/\/papayavitta.com.br\/en\/\",\"logo\":{\"@type\":\"ImageObject\",\"inLanguage\":\"en-US\",\"@id\":\"http:\/\/papayavitta.com.br\/en\/#\/schema\/logo\/image\/\",\"url\":\"https:\/\/papayavitta.com.br\/wp-content\/uploads\/2019\/09\/logo-vitta.png\",\"contentUrl\":\"https:\/\/papayavitta.com.br\/wp-content\/uploads\/2019\/09\/logo-vitta.png\",\"width\":189,\"height\":214,\"caption\":\"Vitta\"},\"image\":{\"@id\":\"http:\/\/papayavitta.com.br\/en\/#\/schema\/logo\/image\/\"}}]}<\/script>\n","yoast_head_json":{"title":"(PT) Produtos Vitta: Mais m\u00e3m\u00e3o na sua vida - Exporta\u00e7\u00e3o Interfruit","description":"(PT) Os produtos Vitta s\u00e3o apresentados nos mam\u00f5es Golden e Formosa, que s\u00e3o diferentes em sua forma e ponto de matura\u00e7\u00e3o, ambos com sabor incompar\u00e1vel!","robots":{"index":"index","follow":"follow","max-snippet":"max-snippet:-1","max-image-preview":"max-image-preview:large","max-video-preview":"max-video-preview:-1"},"canonical":"https:\/\/papayavitta.com.br\/en\/produtos\/","og_locale":"en_US","og_type":"article","og_title":"(PT) Produtos Vitta: Mais m\u00e3m\u00e3o na sua vida - Exporta\u00e7\u00e3o Interfruit","og_description":"(PT) Os produtos Vitta s\u00e3o apresentados nos mam\u00f5es Golden e Formosa, que s\u00e3o diferentes em sua forma e ponto de matura\u00e7\u00e3o, ambos com sabor incompar\u00e1vel!","og_url":"https:\/\/papayavitta.com.br\/en\/produtos\/","og_site_name":"Vitta","article_modified_time":"2021-05-28T18:27:43+00:00","twitter_card":"summary_large_image","twitter_misc":{"Est. reading time":"1 minute"},"schema":{"@context":"https:\/\/schema.org","@graph":[{"@type":"WebPage","@id":"https:\/\/papayavitta.com.br\/en\/produtos\/","url":"https:\/\/papayavitta.com.br\/en\/produtos\/","name":"(PT) Produtos Vitta: Mais m\u00e3m\u00e3o na sua vida - Exporta\u00e7\u00e3o Interfruit","isPartOf":{"@id":"http:\/\/papayavitta.com.br\/en\/#website"},"datePublished":"2019-09-04T17:56:10+00:00","dateModified":"2021-05-28T18:27:43+00:00","description":"(PT) Os produtos Vitta s\u00e3o apresentados nos mam\u00f5es Golden e Formosa, que s\u00e3o diferentes em sua forma e ponto de matura\u00e7\u00e3o, ambos com sabor incompar\u00e1vel!","breadcrumb":{"@id":"https:\/\/papayavitta.com.br\/en\/produtos\/#breadcrumb"},"inLanguage":"en-US","potentialAction":[{"@type":"ReadAction","target":["https:\/\/papayavitta.com.br\/en\/produtos\/"]}]},{"@type":"BreadcrumbList","@id":"https:\/\/papayavitta.com.br\/en\/produtos\/#breadcrumb","itemListElement":[{"@type":"ListItem","position":1,"name":"In\u00edcio","item":"http:\/\/papayavitta.com.br\/en\/"},{"@type":"ListItem","position":2,"name":"Products"}]},{"@type":"WebSite","@id":"http:\/\/papayavitta.com.br\/en\/#website","url":"http:\/\/papayavitta.com.br\/en\/","name":"Vitta","description":"Brazilian fruit","publisher":{"@id":"http:\/\/papayavitta.com.br\/en\/#organization"},"potentialAction":[{"@type":"SearchAction","target":{"@type":"EntryPoint","urlTemplate":"http:\/\/papayavitta.com.br\/en\/?s={search_term_string}"},"query-input":{"@type":"PropertyValueSpecification","valueRequired":true,"valueName":"search_term_string"}}],"inLanguage":"en-US"},{"@type":"Organization","@id":"http:\/\/papayavitta.com.br\/en\/#organization","name":"Vitta","url":"http:\/\/papayavitta.com.br\/en\/","logo":{"@type":"ImageObject","inLanguage":"en-US","@id":"http:\/\/papayavitta.com.br\/en\/#\/schema\/logo\/image\/","url":"https:\/\/papayavitta.com.br\/wp-content\/uploads\/2019\/09\/logo-vitta.png","contentUrl":"https:\/\/papayavitta.com.br\/wp-content\/uploads\/2019\/09\/logo-vitta.png","width":189,"height":214,"caption":"Vitta"},"image":{"@id":"http:\/\/papayavitta.com.br\/en\/#\/schema\/logo\/image\/"}}]}},"_links":{"self":[{"href":"https:\/\/papayavitta.com.br\/en\/wp-json\/wp\/v2\/pages\/11","targetHints":{"allow":["GET"]}}],"collection":[{"href":"https:\/\/papayavitta.com.br\/en\/wp-json\/wp\/v2\/pages"}],"about":[{"href":"https:\/\/papayavitta.com.br\/en\/wp-json\/wp\/v2\/types\/page"}],"author":[{"embeddable":true,"href":"https:\/\/papayavitta.com.br\/en\/wp-json\/wp\/v2\/users\/1"}],"replies":[{"embeddable":true,"href":"https:\/\/papayavitta.com.br\/en\/wp-json\/wp\/v2\/comments?post=11"}],"version-history":[{"count":8,"href":"https:\/\/papayavitta.com.br\/en\/wp-json\/wp\/v2\/pages\/11\/revisions"}],"predecessor-version":[{"id":386,"href":"https:\/\/papayavitta.com.br\/en\/wp-json\/wp\/v2\/pages\/11\/revisions\/386"}],"wp:attachment":[{"href":"https:\/\/papayavitta.com.br\/en\/wp-json\/wp\/v2\/media?parent=11"}],"curies":[{"name":"wp","href":"https:\/\/api.w.org\/{rel}","templated":true}]}}