{"id":113,"date":"2019-09-10T14:58:37","date_gmt":"2019-09-10T17:58:37","guid":{"rendered":"http:\/\/papayavitta.com.br\/?page_id=113"},"modified":"2021-06-10T14:36:09","modified_gmt":"2021-06-10T17:36:09","slug":"mamao-formosa","status":"publish","type":"page","link":"https:\/\/papayavitta.com.br\/en\/produtos\/mamao-formosa\/","title":{"rendered":"Formosa Papaya"},"content":{"rendered":"<p>Having several benefits, the consumption of Formosa Papaya has grown all over the world. This variety of papaya is among its largest, weighing approximately 1,3kg and measuring 35cm in width. It also has a longer shape. The same health benefits are present in it and every other variation of the fruit.<\/p>\n<p>The benefits of consuming papaya include advantages for the heart, sight, skin, and immune system, digestive system among other important bodily functions. This is due to the high concentrations of nutrients, such as Vitamin A, calcium, iron, and potassium, besides offering 100% of the daily dosage of Vitamin C as per dietary guidelines. At the same time, papaya has few calories, low sugar and fat contents.<\/p>\n<h2 style=\"text-align: center;\">Papaya Nutritional Values<\/h2>\n<p><img loading=\"lazy\" decoding=\"async\" class=\"aligncenter wp-image-407 size-full\" src=\"https:\/\/papayavitta.com.br\/wp-content\/uploads\/2021\/06\/Informac\u0327o\u0303es-Nutricionais-EN.png\" alt=\"\" width=\"866\" height=\"698\" srcset=\"https:\/\/papayavitta.com.br\/wp-content\/uploads\/2021\/06\/Informac\u0327o\u0303es-Nutricionais-EN.png 866w, https:\/\/papayavitta.com.br\/wp-content\/uploads\/2021\/06\/Informac\u0327o\u0303es-Nutricionais-EN-300x242.png 300w, https:\/\/papayavitta.com.br\/wp-content\/uploads\/2021\/06\/Informac\u0327o\u0303es-Nutricionais-EN-768x619.png 768w\" sizes=\"auto, (max-width: 866px) 100vw, 866px\" \/><\/p>\n<p>&nbsp;<\/p>\n<p>Further benefits of papaya\u2019s medicinal properties have been found in recent research. The red pulp for Formosa Papaya reveals its excellent concentration of lycopene. This nutrient helps the organism eliminate free radicals that cause cell oxidation, and thus help prevent diseases such as diabetes, hypertension and cancer.<\/p>\n<p>Papaya also includes Carpaine, with effects on the circulatory system and is acknowledged as an ally against cardiovascular diseases. It also helps in the digestion of heavy foods such as meat. On that note, Papaya also helps, through a substance called Papain, an enzyme that helps the body digest foods.<\/p>\n<p>To fully take advantage of the benefits of the Formosa Papaya, it is possible to eat the fruit in its natural form or use it in a number of recipes. There are several options, such as juices, smoothies, sweets and salads that can be created with this key ingredient to your health.<\/p>\n<h2 style=\"text-align: center;\">Suggested Recipe<\/h2>\n<p><img loading=\"lazy\" decoding=\"async\" class=\"aligncenter wp-image-408 \" src=\"https:\/\/papayavitta.com.br\/wp-content\/uploads\/2021\/06\/Flan-Recipe-EN.png\" alt=\"\" width=\"1093\" height=\"462\" srcset=\"https:\/\/papayavitta.com.br\/wp-content\/uploads\/2021\/06\/Flan-Recipe-EN.png 1323w, https:\/\/papayavitta.com.br\/wp-content\/uploads\/2021\/06\/Flan-Recipe-EN-300x127.png 300w, https:\/\/papayavitta.com.br\/wp-content\/uploads\/2021\/06\/Flan-Recipe-EN-1024x433.png 1024w, https:\/\/papayavitta.com.br\/wp-content\/uploads\/2021\/06\/Flan-Recipe-EN-768x324.png 768w\" sizes=\"auto, (max-width: 1093px) 100vw, 1093px\" \/><\/p>\n<p><span style=\"color: #1c4525;\"><strong>Preparation:<\/strong><\/span><\/p>\n<ul>\n<li>Mix the condensed milk, papaya and vermouth (or orange juice) until smooth;<\/li>\n<li>Mix jello while still warm until smooth;<\/li>\n<li>Put into a greased flan tray or individual pots;<\/li>\n<li>Leave at room temperature until firm before serving.<\/li>\n<\/ul>\n<p><\/p>","protected":false},"excerpt":{"rendered":"<p>Having several benefits, the consumption of Formosa Papaya has grown all over the world. This variety of papaya is among its largest, weighing approximately 1,3kg and measuring 35cm in width. It also has a longer shape. The same health benefits are present in it and every other variation of the fruit. The benefits of consuming [&hellip;]<\/p>\n","protected":false},"author":1,"featured_media":229,"parent":11,"menu_order":0,"comment_status":"closed","ping_status":"closed","template":"page-template-mamao.php","meta":{"footnotes":""},"class_list":["post-113","page","type-page","status-publish","has-post-thumbnail","hentry"],"yoast_head":"\n<title>(PT) Mam\u00e3o Formosa - Vitta | Mais mam\u00e3o na sua vida<\/title>\n<meta name=\"description\" content=\"(PT) O mam\u00e3o Formosa se popularizou por todo o mundo, levando mais sa\u00fade aos consumidores. Confira os valores nutricionaise e outras informa\u00e7\u00f5es!\" \/>\n<meta name=\"robots\" content=\"index, follow, max-snippet:-1, max-image-preview:large, max-video-preview:-1\" \/>\n<link rel=\"canonical\" href=\"https:\/\/papayavitta.com.br\/en\/produtos\/mamao-formosa\/\" \/>\n<meta property=\"og:locale\" content=\"en_US\" \/>\n<meta property=\"og:type\" content=\"article\" \/>\n<meta property=\"og:title\" content=\"(PT) Mam\u00e3o Formosa - Vitta | Mais mam\u00e3o na sua vida\" \/>\n<meta property=\"og:description\" content=\"(PT) O mam\u00e3o Formosa se popularizou por todo o mundo, levando mais sa\u00fade aos consumidores. Confira os valores nutricionaise e outras informa\u00e7\u00f5es!\" \/>\n<meta property=\"og:url\" content=\"https:\/\/papayavitta.com.br\/en\/produtos\/mamao-formosa\/\" \/>\n<meta property=\"og:site_name\" content=\"Vitta\" \/>\n<meta property=\"article:modified_time\" content=\"2021-06-10T17:36:09+00:00\" \/>\n<meta property=\"og:image\" content=\"https:\/\/papayavitta.com.br\/wp-content\/uploads\/2020\/01\/banner-mamao-formosa.png\" \/>\n\t<meta property=\"og:image:width\" content=\"1920\" \/>\n\t<meta property=\"og:image:height\" content=\"528\" \/>\n\t<meta property=\"og:image:type\" content=\"image\/png\" \/>\n<meta name=\"twitter:card\" content=\"summary_large_image\" \/>\n<meta name=\"twitter:label1\" content=\"Est. reading time\" \/>\n\t<meta name=\"twitter:data1\" content=\"3 minutes\" \/>\n<script type=\"application\/ld+json\" class=\"yoast-schema-graph\">{\"@context\":\"https:\/\/schema.org\",\"@graph\":[{\"@type\":\"WebPage\",\"@id\":\"https:\/\/papayavitta.com.br\/en\/produtos\/mamao-formosa\/\",\"url\":\"https:\/\/papayavitta.com.br\/en\/produtos\/mamao-formosa\/\",\"name\":\"(PT) Mam\u00e3o Formosa - Vitta | Mais mam\u00e3o na sua vida\",\"isPartOf\":{\"@id\":\"http:\/\/papayavitta.com.br\/en\/#website\"},\"primaryImageOfPage\":{\"@id\":\"https:\/\/papayavitta.com.br\/en\/produtos\/mamao-formosa\/#primaryimage\"},\"image\":{\"@id\":\"https:\/\/papayavitta.com.br\/en\/produtos\/mamao-formosa\/#primaryimage\"},\"thumbnailUrl\":\"https:\/\/papayavitta.com.br\/wp-content\/uploads\/2020\/01\/banner-mamao-formosa.png\",\"datePublished\":\"2019-09-10T17:58:37+00:00\",\"dateModified\":\"2021-06-10T17:36:09+00:00\",\"description\":\"(PT) O mam\u00e3o Formosa se popularizou por todo o mundo, levando mais sa\u00fade aos consumidores. Confira os valores nutricionaise e outras informa\u00e7\u00f5es!\",\"breadcrumb\":{\"@id\":\"https:\/\/papayavitta.com.br\/en\/produtos\/mamao-formosa\/#breadcrumb\"},\"inLanguage\":\"en-US\",\"potentialAction\":[{\"@type\":\"ReadAction\",\"target\":[\"https:\/\/papayavitta.com.br\/en\/produtos\/mamao-formosa\/\"]}]},{\"@type\":\"ImageObject\",\"inLanguage\":\"en-US\",\"@id\":\"https:\/\/papayavitta.com.br\/en\/produtos\/mamao-formosa\/#primaryimage\",\"url\":\"https:\/\/papayavitta.com.br\/wp-content\/uploads\/2020\/01\/banner-mamao-formosa.png\",\"contentUrl\":\"https:\/\/papayavitta.com.br\/wp-content\/uploads\/2020\/01\/banner-mamao-formosa.png\",\"width\":1920,\"height\":528},{\"@type\":\"BreadcrumbList\",\"@id\":\"https:\/\/papayavitta.com.br\/en\/produtos\/mamao-formosa\/#breadcrumb\",\"itemListElement\":[{\"@type\":\"ListItem\",\"position\":1,\"name\":\"In\u00edcio\",\"item\":\"http:\/\/papayavitta.com.br\/en\/\"},{\"@type\":\"ListItem\",\"position\":2,\"name\":\"Products\",\"item\":\"https:\/\/papayavitta.com.br\/en\/produtos\/\"},{\"@type\":\"ListItem\",\"position\":3,\"name\":\"Formosa Papaya\"}]},{\"@type\":\"WebSite\",\"@id\":\"http:\/\/papayavitta.com.br\/en\/#website\",\"url\":\"http:\/\/papayavitta.com.br\/en\/\",\"name\":\"Vitta\",\"description\":\"Brazilian fruit\",\"publisher\":{\"@id\":\"http:\/\/papayavitta.com.br\/en\/#organization\"},\"potentialAction\":[{\"@type\":\"SearchAction\",\"target\":{\"@type\":\"EntryPoint\",\"urlTemplate\":\"http:\/\/papayavitta.com.br\/en\/?s={search_term_string}\"},\"query-input\":{\"@type\":\"PropertyValueSpecification\",\"valueRequired\":true,\"valueName\":\"search_term_string\"}}],\"inLanguage\":\"en-US\"},{\"@type\":\"Organization\",\"@id\":\"http:\/\/papayavitta.com.br\/en\/#organization\",\"name\":\"Vitta\",\"url\":\"http:\/\/papayavitta.com.br\/en\/\",\"logo\":{\"@type\":\"ImageObject\",\"inLanguage\":\"en-US\",\"@id\":\"http:\/\/papayavitta.com.br\/en\/#\/schema\/logo\/image\/\",\"url\":\"https:\/\/papayavitta.com.br\/wp-content\/uploads\/2019\/09\/logo-vitta.png\",\"contentUrl\":\"https:\/\/papayavitta.com.br\/wp-content\/uploads\/2019\/09\/logo-vitta.png\",\"width\":189,\"height\":214,\"caption\":\"Vitta\"},\"image\":{\"@id\":\"http:\/\/papayavitta.com.br\/en\/#\/schema\/logo\/image\/\"}}]}<\/script>\n","yoast_head_json":{"title":"(PT) Mam\u00e3o Formosa - Vitta | Mais mam\u00e3o na sua vida","description":"(PT) O mam\u00e3o Formosa se popularizou por todo o mundo, levando mais sa\u00fade aos consumidores. Confira os valores nutricionaise e outras informa\u00e7\u00f5es!","robots":{"index":"index","follow":"follow","max-snippet":"max-snippet:-1","max-image-preview":"max-image-preview:large","max-video-preview":"max-video-preview:-1"},"canonical":"https:\/\/papayavitta.com.br\/en\/produtos\/mamao-formosa\/","og_locale":"en_US","og_type":"article","og_title":"(PT) Mam\u00e3o Formosa - Vitta | Mais mam\u00e3o na sua vida","og_description":"(PT) O mam\u00e3o Formosa se popularizou por todo o mundo, levando mais sa\u00fade aos consumidores. Confira os valores nutricionaise e outras informa\u00e7\u00f5es!","og_url":"https:\/\/papayavitta.com.br\/en\/produtos\/mamao-formosa\/","og_site_name":"Vitta","article_modified_time":"2021-06-10T17:36:09+00:00","og_image":[{"width":1920,"height":528,"url":"https:\/\/papayavitta.com.br\/wp-content\/uploads\/2020\/01\/banner-mamao-formosa.png","type":"image\/png"}],"twitter_card":"summary_large_image","twitter_misc":{"Est. reading time":"3 minutes"},"schema":{"@context":"https:\/\/schema.org","@graph":[{"@type":"WebPage","@id":"https:\/\/papayavitta.com.br\/en\/produtos\/mamao-formosa\/","url":"https:\/\/papayavitta.com.br\/en\/produtos\/mamao-formosa\/","name":"(PT) Mam\u00e3o Formosa - Vitta | Mais mam\u00e3o na sua vida","isPartOf":{"@id":"http:\/\/papayavitta.com.br\/en\/#website"},"primaryImageOfPage":{"@id":"https:\/\/papayavitta.com.br\/en\/produtos\/mamao-formosa\/#primaryimage"},"image":{"@id":"https:\/\/papayavitta.com.br\/en\/produtos\/mamao-formosa\/#primaryimage"},"thumbnailUrl":"https:\/\/papayavitta.com.br\/wp-content\/uploads\/2020\/01\/banner-mamao-formosa.png","datePublished":"2019-09-10T17:58:37+00:00","dateModified":"2021-06-10T17:36:09+00:00","description":"(PT) O mam\u00e3o Formosa se popularizou por todo o mundo, levando mais sa\u00fade aos consumidores. Confira os valores nutricionaise e outras informa\u00e7\u00f5es!","breadcrumb":{"@id":"https:\/\/papayavitta.com.br\/en\/produtos\/mamao-formosa\/#breadcrumb"},"inLanguage":"en-US","potentialAction":[{"@type":"ReadAction","target":["https:\/\/papayavitta.com.br\/en\/produtos\/mamao-formosa\/"]}]},{"@type":"ImageObject","inLanguage":"en-US","@id":"https:\/\/papayavitta.com.br\/en\/produtos\/mamao-formosa\/#primaryimage","url":"https:\/\/papayavitta.com.br\/wp-content\/uploads\/2020\/01\/banner-mamao-formosa.png","contentUrl":"https:\/\/papayavitta.com.br\/wp-content\/uploads\/2020\/01\/banner-mamao-formosa.png","width":1920,"height":528},{"@type":"BreadcrumbList","@id":"https:\/\/papayavitta.com.br\/en\/produtos\/mamao-formosa\/#breadcrumb","itemListElement":[{"@type":"ListItem","position":1,"name":"In\u00edcio","item":"http:\/\/papayavitta.com.br\/en\/"},{"@type":"ListItem","position":2,"name":"Products","item":"https:\/\/papayavitta.com.br\/en\/produtos\/"},{"@type":"ListItem","position":3,"name":"Formosa Papaya"}]},{"@type":"WebSite","@id":"http:\/\/papayavitta.com.br\/en\/#website","url":"http:\/\/papayavitta.com.br\/en\/","name":"Vitta","description":"Brazilian fruit","publisher":{"@id":"http:\/\/papayavitta.com.br\/en\/#organization"},"potentialAction":[{"@type":"SearchAction","target":{"@type":"EntryPoint","urlTemplate":"http:\/\/papayavitta.com.br\/en\/?s={search_term_string}"},"query-input":{"@type":"PropertyValueSpecification","valueRequired":true,"valueName":"search_term_string"}}],"inLanguage":"en-US"},{"@type":"Organization","@id":"http:\/\/papayavitta.com.br\/en\/#organization","name":"Vitta","url":"http:\/\/papayavitta.com.br\/en\/","logo":{"@type":"ImageObject","inLanguage":"en-US","@id":"http:\/\/papayavitta.com.br\/en\/#\/schema\/logo\/image\/","url":"https:\/\/papayavitta.com.br\/wp-content\/uploads\/2019\/09\/logo-vitta.png","contentUrl":"https:\/\/papayavitta.com.br\/wp-content\/uploads\/2019\/09\/logo-vitta.png","width":189,"height":214,"caption":"Vitta"},"image":{"@id":"http:\/\/papayavitta.com.br\/en\/#\/schema\/logo\/image\/"}}]}},"_links":{"self":[{"href":"https:\/\/papayavitta.com.br\/en\/wp-json\/wp\/v2\/pages\/113","targetHints":{"allow":["GET"]}}],"collection":[{"href":"https:\/\/papayavitta.com.br\/en\/wp-json\/wp\/v2\/pages"}],"about":[{"href":"https:\/\/papayavitta.com.br\/en\/wp-json\/wp\/v2\/types\/page"}],"author":[{"embeddable":true,"href":"https:\/\/papayavitta.com.br\/en\/wp-json\/wp\/v2\/users\/1"}],"replies":[{"embeddable":true,"href":"https:\/\/papayavitta.com.br\/en\/wp-json\/wp\/v2\/comments?post=113"}],"version-history":[{"count":8,"href":"https:\/\/papayavitta.com.br\/en\/wp-json\/wp\/v2\/pages\/113\/revisions"}],"predecessor-version":[{"id":411,"href":"https:\/\/papayavitta.com.br\/en\/wp-json\/wp\/v2\/pages\/113\/revisions\/411"}],"up":[{"embeddable":true,"href":"https:\/\/papayavitta.com.br\/en\/wp-json\/wp\/v2\/pages\/11"}],"wp:featuredmedia":[{"embeddable":true,"href":"https:\/\/papayavitta.com.br\/en\/wp-json\/wp\/v2\/media\/229"}],"wp:attachment":[{"href":"https:\/\/papayavitta.com.br\/en\/wp-json\/wp\/v2\/media?parent=113"}],"curies":[{"name":"wp","href":"https:\/\/api.w.org\/{rel}","templated":true}]}}