{"id":17,"date":"2019-09-04T14:56:53","date_gmt":"2019-09-04T17:56:53","guid":{"rendered":"http:\/\/papayavitta.com.br\/?page_id=17"},"modified":"2024-08-29T13:48:20","modified_gmt":"2024-08-29T16:48:20","slug":"contato-vitta","status":"publish","type":"page","link":"https:\/\/papayavitta.com.br\/en\/contato-vitta\/","title":{"rendered":"Contact"},"content":{"rendered":"<p>Para falar com nossa equipe e consultar sobre a exporta\u00e7\u00e3o de Vitta Papaya, preencha o formul\u00e1rio abaixo e um de nossos especialistas entrar\u00e1 em contato com voc\u00ea.<\/p>\n<p>\n<div class=\"wpcf7 no-js\" id=\"wpcf7-f404-o2\" lang=\"pt-BR\" dir=\"ltr\" data-wpcf7-id=\"404\">\n<div class=\"screen-reader-response\"><p role=\"status\" aria-live=\"polite\" aria-atomic=\"true\"><\/p> <ul><\/ul><\/div>\n<form action=\"\/en\/wp-json\/wp\/v2\/pages\/17#wpcf7-f404-o2\" method=\"post\" class=\"wpcf7-form init formulario-contato\" aria-label=\"Formul\u00e1rios de contato\" novalidate=\"novalidate\" data-status=\"init\">\n<div style=\"display: none;\">\n<input type=\"hidden\" name=\"_wpcf7\" value=\"404\" \/>\n<input type=\"hidden\" name=\"_wpcf7_version\" value=\"6.0.5\" \/>\n<input type=\"hidden\" name=\"_wpcf7_locale\" value=\"pt_BR\" \/>\n<input type=\"hidden\" name=\"_wpcf7_unit_tag\" value=\"wpcf7-f404-o2\" \/>\n<input type=\"hidden\" name=\"_wpcf7_container_post\" value=\"0\" \/>\n<input type=\"hidden\" name=\"_wpcf7_posted_data_hash\" value=\"\" \/>\n<input type=\"hidden\" name=\"_wpcf7_recaptcha_response\" value=\"\" \/>\n<\/div>\n<div uk-grid>\n<div class=\"uk-width-1-2@s\">\n<span class=\"wpcf7-form-control-wrap\" data-name=\"nome\"><input size=\"40\" maxlength=\"400\" class=\"wpcf7-form-control wpcf7-text wpcf7-validates-as-required uk-input\" aria-required=\"true\" aria-invalid=\"false\" placeholder=\"Name\" value=\"\" type=\"text\" name=\"nome\" \/><\/span>\n<span class=\"wpcf7-form-control-wrap\" data-name=\"email\"><input size=\"40\" maxlength=\"400\" class=\"wpcf7-form-control wpcf7-email wpcf7-validates-as-required wpcf7-text wpcf7-validates-as-email uk-input\" aria-required=\"true\" aria-invalid=\"false\" placeholder=\"Email\" value=\"\" type=\"email\" name=\"email\" \/><\/span>\n<span class=\"wpcf7-form-control-wrap\" data-name=\"telefone\"><input size=\"40\" maxlength=\"400\" class=\"wpcf7-form-control wpcf7-tel wpcf7-validates-as-required wpcf7-text wpcf7-validates-as-tel uk-input\" aria-required=\"true\" aria-invalid=\"false\" placeholder=\"Telephone\" value=\"\" type=\"tel\" name=\"telefone\" \/><\/span>\n<\/div>\n<div class=\"uk-width-1-2@s uk-margin-remove-top\">\n<span class=\"wpcf7-form-control-wrap\" data-name=\"mensagem\"><textarea cols=\"40\" rows=\"10\" maxlength=\"2000\" class=\"wpcf7-form-control wpcf7-textarea uk-input\" aria-invalid=\"false\" placeholder=\"Message\" name=\"mensagem\"><\/textarea><\/span>\n<input class=\"wpcf7-form-control wpcf7-submit has-spinner uk-button uk-button-default\" type=\"submit\" value=\"Send\" \/>\n<\/div>\n<\/div><p style=\"display: none !important;\" class=\"akismet-fields-container\" data-prefix=\"_wpcf7_ak_\"><label>&#916;<textarea name=\"_wpcf7_ak_hp_textarea\" cols=\"45\" rows=\"8\" maxlength=\"100\"><\/textarea><\/label><input type=\"hidden\" id=\"ak_js_2\" name=\"_wpcf7_ak_js\" value=\"56\"\/><script>document.getElementById( \"ak_js_2\" ).setAttribute( \"value\", ( new Date() ).getTime() );<\/script><\/p><div class=\"wpcf7-response-output\" aria-hidden=\"true\"><\/div>\n<\/form>\n<\/div>\n<\/p>","protected":false},"excerpt":{"rendered":"<p>Para falar com nossa equipe e consultar sobre a exporta\u00e7\u00e3o de Vitta Papaya, preencha o formul\u00e1rio abaixo e um de nossos especialistas entrar\u00e1 em contato com voc\u00ea.<\/p>\n","protected":false},"author":1,"featured_media":169,"parent":0,"menu_order":6,"comment_status":"closed","ping_status":"closed","template":"page-contato.php","meta":{"footnotes":""},"class_list":["post-17","page","type-page","status-publish","has-post-thumbnail","hentry"],"yoast_head":"\n<title>Entre em contato conosco e conhe\u00e7a o mam\u00e3o Vitta<\/title>\n<meta name=\"description\" content=\"Quer conhecer melhor o mam\u00e3o Vitta e tirar d\u00favidas sobre a exporta\u00e7\u00e3o? Entre em contato pelo e-mail, telefones dispon\u00edveis ou preencha o formul\u00e1rio!\" \/>\n<meta name=\"robots\" content=\"index, follow, max-snippet:-1, max-image-preview:large, max-video-preview:-1\" \/>\n<link rel=\"canonical\" href=\"https:\/\/papayavitta.com.br\/contato-vitta\/\" \/>\n<meta property=\"og:locale\" content=\"en_US\" \/>\n<meta property=\"og:type\" content=\"article\" \/>\n<meta property=\"og:title\" content=\"Entre em contato conosco e conhe\u00e7a o mam\u00e3o Vitta\" \/>\n<meta property=\"og:description\" content=\"Quer conhecer melhor o mam\u00e3o Vitta e tirar d\u00favidas sobre a exporta\u00e7\u00e3o? Entre em contato pelo e-mail, telefones dispon\u00edveis ou preencha o formul\u00e1rio!\" \/>\n<meta property=\"og:url\" content=\"https:\/\/papayavitta.com.br\/contato-vitta\/\" \/>\n<meta property=\"og:site_name\" content=\"Vitta\" \/>\n<meta property=\"article:modified_time\" content=\"2024-08-29T16:48:20+00:00\" \/>\n<meta property=\"og:image\" content=\"https:\/\/papayavitta.com.br\/wp-content\/uploads\/2019\/09\/banner-contato.png\" \/>\n\t<meta property=\"og:image:width\" content=\"1920\" \/>\n\t<meta property=\"og:image:height\" content=\"855\" \/>\n\t<meta property=\"og:image:type\" content=\"image\/png\" \/>\n<meta name=\"twitter:card\" content=\"summary_large_image\" \/>\n<meta name=\"twitter:label1\" content=\"Est. reading time\" \/>\n\t<meta name=\"twitter:data1\" content=\"1 minute\" \/>\n<script type=\"application\/ld+json\" class=\"yoast-schema-graph\">{\"@context\":\"https:\/\/schema.org\",\"@graph\":[{\"@type\":\"WebPage\",\"@id\":\"https:\/\/papayavitta.com.br\/contato-vitta\/\",\"url\":\"https:\/\/papayavitta.com.br\/contato-vitta\/\",\"name\":\"Entre em contato conosco e conhe\u00e7a o mam\u00e3o Vitta\",\"isPartOf\":{\"@id\":\"http:\/\/papayavitta.com.br\/en\/#website\"},\"primaryImageOfPage\":{\"@id\":\"https:\/\/papayavitta.com.br\/contato-vitta\/#primaryimage\"},\"image\":{\"@id\":\"https:\/\/papayavitta.com.br\/contato-vitta\/#primaryimage\"},\"thumbnailUrl\":\"https:\/\/papayavitta.com.br\/wp-content\/uploads\/2019\/09\/banner-contato.png\",\"datePublished\":\"2019-09-04T17:56:53+00:00\",\"dateModified\":\"2024-08-29T16:48:20+00:00\",\"description\":\"Quer conhecer melhor o mam\u00e3o Vitta e tirar d\u00favidas sobre a exporta\u00e7\u00e3o? Entre em contato pelo e-mail, telefones dispon\u00edveis ou preencha o formul\u00e1rio!\",\"breadcrumb\":{\"@id\":\"https:\/\/papayavitta.com.br\/contato-vitta\/#breadcrumb\"},\"inLanguage\":\"en-US\",\"potentialAction\":[{\"@type\":\"ReadAction\",\"target\":[\"https:\/\/papayavitta.com.br\/contato-vitta\/\"]}]},{\"@type\":\"ImageObject\",\"inLanguage\":\"en-US\",\"@id\":\"https:\/\/papayavitta.com.br\/contato-vitta\/#primaryimage\",\"url\":\"https:\/\/papayavitta.com.br\/wp-content\/uploads\/2019\/09\/banner-contato.png\",\"contentUrl\":\"https:\/\/papayavitta.com.br\/wp-content\/uploads\/2019\/09\/banner-contato.png\",\"width\":1920,\"height\":855,\"caption\":\"Entre em contato e conhe\u00e7a o mam\u00e3o Vitta\"},{\"@type\":\"BreadcrumbList\",\"@id\":\"https:\/\/papayavitta.com.br\/contato-vitta\/#breadcrumb\",\"itemListElement\":[{\"@type\":\"ListItem\",\"position\":1,\"name\":\"In\u00edcio\",\"item\":\"http:\/\/papayavitta.com.br\/en\/\"},{\"@type\":\"ListItem\",\"position\":2,\"name\":\"Contato\"}]},{\"@type\":\"WebSite\",\"@id\":\"http:\/\/papayavitta.com.br\/en\/#website\",\"url\":\"http:\/\/papayavitta.com.br\/en\/\",\"name\":\"Vitta\",\"description\":\"Brazilian fruit\",\"publisher\":{\"@id\":\"http:\/\/papayavitta.com.br\/en\/#organization\"},\"potentialAction\":[{\"@type\":\"SearchAction\",\"target\":{\"@type\":\"EntryPoint\",\"urlTemplate\":\"http:\/\/papayavitta.com.br\/en\/?s={search_term_string}\"},\"query-input\":{\"@type\":\"PropertyValueSpecification\",\"valueRequired\":true,\"valueName\":\"search_term_string\"}}],\"inLanguage\":\"en-US\"},{\"@type\":\"Organization\",\"@id\":\"http:\/\/papayavitta.com.br\/en\/#organization\",\"name\":\"Vitta\",\"url\":\"http:\/\/papayavitta.com.br\/en\/\",\"logo\":{\"@type\":\"ImageObject\",\"inLanguage\":\"en-US\",\"@id\":\"http:\/\/papayavitta.com.br\/en\/#\/schema\/logo\/image\/\",\"url\":\"https:\/\/papayavitta.com.br\/wp-content\/uploads\/2019\/09\/logo-vitta.png\",\"contentUrl\":\"https:\/\/papayavitta.com.br\/wp-content\/uploads\/2019\/09\/logo-vitta.png\",\"width\":189,\"height\":214,\"caption\":\"Vitta\"},\"image\":{\"@id\":\"http:\/\/papayavitta.com.br\/en\/#\/schema\/logo\/image\/\"}}]}<\/script>\n","yoast_head_json":{"title":"Entre em contato conosco e conhe\u00e7a o mam\u00e3o Vitta","description":"Quer conhecer melhor o mam\u00e3o Vitta e tirar d\u00favidas sobre a exporta\u00e7\u00e3o? Entre em contato pelo e-mail, telefones dispon\u00edveis ou preencha o formul\u00e1rio!","robots":{"index":"index","follow":"follow","max-snippet":"max-snippet:-1","max-image-preview":"max-image-preview:large","max-video-preview":"max-video-preview:-1"},"canonical":"https:\/\/papayavitta.com.br\/contato-vitta\/","og_locale":"en_US","og_type":"article","og_title":"Entre em contato conosco e conhe\u00e7a o mam\u00e3o Vitta","og_description":"Quer conhecer melhor o mam\u00e3o Vitta e tirar d\u00favidas sobre a exporta\u00e7\u00e3o? Entre em contato pelo e-mail, telefones dispon\u00edveis ou preencha o formul\u00e1rio!","og_url":"https:\/\/papayavitta.com.br\/contato-vitta\/","og_site_name":"Vitta","article_modified_time":"2024-08-29T16:48:20+00:00","og_image":[{"width":1920,"height":855,"url":"https:\/\/papayavitta.com.br\/wp-content\/uploads\/2019\/09\/banner-contato.png","type":"image\/png"}],"twitter_card":"summary_large_image","twitter_misc":{"Est. reading time":"1 minute"},"schema":{"@context":"https:\/\/schema.org","@graph":[{"@type":"WebPage","@id":"https:\/\/papayavitta.com.br\/contato-vitta\/","url":"https:\/\/papayavitta.com.br\/contato-vitta\/","name":"Entre em contato conosco e conhe\u00e7a o mam\u00e3o Vitta","isPartOf":{"@id":"http:\/\/papayavitta.com.br\/en\/#website"},"primaryImageOfPage":{"@id":"https:\/\/papayavitta.com.br\/contato-vitta\/#primaryimage"},"image":{"@id":"https:\/\/papayavitta.com.br\/contato-vitta\/#primaryimage"},"thumbnailUrl":"https:\/\/papayavitta.com.br\/wp-content\/uploads\/2019\/09\/banner-contato.png","datePublished":"2019-09-04T17:56:53+00:00","dateModified":"2024-08-29T16:48:20+00:00","description":"Quer conhecer melhor o mam\u00e3o Vitta e tirar d\u00favidas sobre a exporta\u00e7\u00e3o? Entre em contato pelo e-mail, telefones dispon\u00edveis ou preencha o formul\u00e1rio!","breadcrumb":{"@id":"https:\/\/papayavitta.com.br\/contato-vitta\/#breadcrumb"},"inLanguage":"en-US","potentialAction":[{"@type":"ReadAction","target":["https:\/\/papayavitta.com.br\/contato-vitta\/"]}]},{"@type":"ImageObject","inLanguage":"en-US","@id":"https:\/\/papayavitta.com.br\/contato-vitta\/#primaryimage","url":"https:\/\/papayavitta.com.br\/wp-content\/uploads\/2019\/09\/banner-contato.png","contentUrl":"https:\/\/papayavitta.com.br\/wp-content\/uploads\/2019\/09\/banner-contato.png","width":1920,"height":855,"caption":"Entre em contato e conhe\u00e7a o mam\u00e3o Vitta"},{"@type":"BreadcrumbList","@id":"https:\/\/papayavitta.com.br\/contato-vitta\/#breadcrumb","itemListElement":[{"@type":"ListItem","position":1,"name":"In\u00edcio","item":"http:\/\/papayavitta.com.br\/en\/"},{"@type":"ListItem","position":2,"name":"Contato"}]},{"@type":"WebSite","@id":"http:\/\/papayavitta.com.br\/en\/#website","url":"http:\/\/papayavitta.com.br\/en\/","name":"Vitta","description":"Brazilian fruit","publisher":{"@id":"http:\/\/papayavitta.com.br\/en\/#organization"},"potentialAction":[{"@type":"SearchAction","target":{"@type":"EntryPoint","urlTemplate":"http:\/\/papayavitta.com.br\/en\/?s={search_term_string}"},"query-input":{"@type":"PropertyValueSpecification","valueRequired":true,"valueName":"search_term_string"}}],"inLanguage":"en-US"},{"@type":"Organization","@id":"http:\/\/papayavitta.com.br\/en\/#organization","name":"Vitta","url":"http:\/\/papayavitta.com.br\/en\/","logo":{"@type":"ImageObject","inLanguage":"en-US","@id":"http:\/\/papayavitta.com.br\/en\/#\/schema\/logo\/image\/","url":"https:\/\/papayavitta.com.br\/wp-content\/uploads\/2019\/09\/logo-vitta.png","contentUrl":"https:\/\/papayavitta.com.br\/wp-content\/uploads\/2019\/09\/logo-vitta.png","width":189,"height":214,"caption":"Vitta"},"image":{"@id":"http:\/\/papayavitta.com.br\/en\/#\/schema\/logo\/image\/"}}]}},"_links":{"self":[{"href":"https:\/\/papayavitta.com.br\/en\/wp-json\/wp\/v2\/pages\/17","targetHints":{"allow":["GET"]}}],"collection":[{"href":"https:\/\/papayavitta.com.br\/en\/wp-json\/wp\/v2\/pages"}],"about":[{"href":"https:\/\/papayavitta.com.br\/en\/wp-json\/wp\/v2\/types\/page"}],"author":[{"embeddable":true,"href":"https:\/\/papayavitta.com.br\/en\/wp-json\/wp\/v2\/users\/1"}],"replies":[{"embeddable":true,"href":"https:\/\/papayavitta.com.br\/en\/wp-json\/wp\/v2\/comments?post=17"}],"version-history":[{"count":12,"href":"https:\/\/papayavitta.com.br\/en\/wp-json\/wp\/v2\/pages\/17\/revisions"}],"predecessor-version":[{"id":439,"href":"https:\/\/papayavitta.com.br\/en\/wp-json\/wp\/v2\/pages\/17\/revisions\/439"}],"wp:featuredmedia":[{"embeddable":true,"href":"https:\/\/papayavitta.com.br\/en\/wp-json\/wp\/v2\/media\/169"}],"wp:attachment":[{"href":"https:\/\/papayavitta.com.br\/en\/wp-json\/wp\/v2\/media?parent=17"}],"curies":[{"name":"wp","href":"https:\/\/api.w.org\/{rel}","templated":true}]}}