{"id":7,"date":"2019-09-04T14:40:37","date_gmt":"2019-09-04T17:40:37","guid":{"rendered":"http:\/\/papayavitta.com.br\/?page_id=7"},"modified":"2021-06-17T11:35:31","modified_gmt":"2021-06-17T14:35:31","slug":"mamao-vitta","status":"publish","type":"page","link":"https:\/\/papayavitta.com.br\/en\/","title":{"rendered":"Home"},"content":{"rendered":"","protected":false},"excerpt":{"rendered":"","protected":false},"author":1,"featured_media":0,"parent":0,"menu_order":1,"comment_status":"closed","ping_status":"closed","template":"front-page.php","meta":{"footnotes":""},"class_list":["post-7","page","type-page","status-publish","hentry"],"yoast_head":"\n<title>(PT) Mam\u00e3o Vitta - Saiba tudo sobre os produtos Vitta<\/title>\n<meta name=\"description\" content=\"(PT) Produzido no Sudeste e Nordeste do Brasil, o mam\u00e3o Vitta traz as origens brasileiras \u00e0 mesa, com muito frescor, sabor e sa\u00fade. Acesse e conhe\u00e7a!\" \/>\n<meta name=\"robots\" content=\"index, follow, max-snippet:-1, max-image-preview:large, max-video-preview:-1\" \/>\n<link rel=\"canonical\" href=\"http:\/\/papayavitta.com.br\/en\/\" \/>\n<meta property=\"og:locale\" content=\"en_US\" \/>\n<meta property=\"og:type\" content=\"article\" \/>\n<meta property=\"og:title\" content=\"(PT) Mam\u00e3o Vitta - Saiba tudo sobre os produtos Vitta\" \/>\n<meta property=\"og:description\" content=\"(PT) Produzido no Sudeste e Nordeste do Brasil, o mam\u00e3o Vitta traz as origens brasileiras \u00e0 mesa, com muito frescor, sabor e sa\u00fade. Acesse e conhe\u00e7a!\" \/>\n<meta property=\"og:url\" content=\"http:\/\/papayavitta.com.br\/en\/\" \/>\n<meta property=\"og:site_name\" content=\"Vitta\" \/>\n<meta property=\"article:modified_time\" content=\"2021-06-17T14:35:31+00:00\" \/>\n<meta name=\"twitter:card\" content=\"summary_large_image\" \/>\n<script type=\"application\/ld+json\" class=\"yoast-schema-graph\">{\"@context\":\"https:\/\/schema.org\",\"@graph\":[{\"@type\":\"WebPage\",\"@id\":\"http:\/\/papayavitta.com.br\/en\/\",\"url\":\"http:\/\/papayavitta.com.br\/en\/\",\"name\":\"(PT) Mam\u00e3o Vitta - Saiba tudo sobre os produtos Vitta\",\"isPartOf\":{\"@id\":\"http:\/\/papayavitta.com.br\/en\/#website\"},\"datePublished\":\"2019-09-04T17:40:37+00:00\",\"dateModified\":\"2021-06-17T14:35:31+00:00\",\"description\":\"(PT) Produzido no Sudeste e Nordeste do Brasil, o mam\u00e3o Vitta traz as origens brasileiras \u00e0 mesa, com muito frescor, sabor e sa\u00fade. Acesse e conhe\u00e7a!\",\"breadcrumb\":{\"@id\":\"http:\/\/papayavitta.com.br\/en\/#breadcrumb\"},\"inLanguage\":\"en-US\",\"potentialAction\":[{\"@type\":\"ReadAction\",\"target\":[\"http:\/\/papayavitta.com.br\/en\/\"]}]},{\"@type\":\"BreadcrumbList\",\"@id\":\"http:\/\/papayavitta.com.br\/en\/#breadcrumb\",\"itemListElement\":[{\"@type\":\"ListItem\",\"position\":1,\"name\":\"In\u00edcio\",\"item\":\"http:\/\/papayavitta.com.br\/en\/\"},{\"@type\":\"ListItem\",\"position\":2,\"name\":\"Home\"}]},{\"@type\":\"WebSite\",\"@id\":\"http:\/\/papayavitta.com.br\/en\/#website\",\"url\":\"http:\/\/papayavitta.com.br\/en\/\",\"name\":\"Vitta\",\"description\":\"Brazilian fruit\",\"publisher\":{\"@id\":\"http:\/\/papayavitta.com.br\/en\/#organization\"},\"potentialAction\":[{\"@type\":\"SearchAction\",\"target\":{\"@type\":\"EntryPoint\",\"urlTemplate\":\"http:\/\/papayavitta.com.br\/en\/?s={search_term_string}\"},\"query-input\":{\"@type\":\"PropertyValueSpecification\",\"valueRequired\":true,\"valueName\":\"search_term_string\"}}],\"inLanguage\":\"en-US\"},{\"@type\":\"Organization\",\"@id\":\"http:\/\/papayavitta.com.br\/en\/#organization\",\"name\":\"Vitta\",\"url\":\"http:\/\/papayavitta.com.br\/en\/\",\"logo\":{\"@type\":\"ImageObject\",\"inLanguage\":\"en-US\",\"@id\":\"http:\/\/papayavitta.com.br\/en\/#\/schema\/logo\/image\/\",\"url\":\"https:\/\/papayavitta.com.br\/wp-content\/uploads\/2019\/09\/logo-vitta.png\",\"contentUrl\":\"https:\/\/papayavitta.com.br\/wp-content\/uploads\/2019\/09\/logo-vitta.png\",\"width\":189,\"height\":214,\"caption\":\"Vitta\"},\"image\":{\"@id\":\"http:\/\/papayavitta.com.br\/en\/#\/schema\/logo\/image\/\"}}]}<\/script>\n","yoast_head_json":{"title":"(PT) Mam\u00e3o Vitta - Saiba tudo sobre os produtos Vitta","description":"(PT) Produzido no Sudeste e Nordeste do Brasil, o mam\u00e3o Vitta traz as origens brasileiras \u00e0 mesa, com muito frescor, sabor e sa\u00fade. Acesse e conhe\u00e7a!","robots":{"index":"index","follow":"follow","max-snippet":"max-snippet:-1","max-image-preview":"max-image-preview:large","max-video-preview":"max-video-preview:-1"},"canonical":"http:\/\/papayavitta.com.br\/en\/","og_locale":"en_US","og_type":"article","og_title":"(PT) Mam\u00e3o Vitta - Saiba tudo sobre os produtos Vitta","og_description":"(PT) Produzido no Sudeste e Nordeste do Brasil, o mam\u00e3o Vitta traz as origens brasileiras \u00e0 mesa, com muito frescor, sabor e sa\u00fade. Acesse e conhe\u00e7a!","og_url":"http:\/\/papayavitta.com.br\/en\/","og_site_name":"Vitta","article_modified_time":"2021-06-17T14:35:31+00:00","twitter_card":"summary_large_image","schema":{"@context":"https:\/\/schema.org","@graph":[{"@type":"WebPage","@id":"http:\/\/papayavitta.com.br\/en\/","url":"http:\/\/papayavitta.com.br\/en\/","name":"(PT) Mam\u00e3o Vitta - Saiba tudo sobre os produtos Vitta","isPartOf":{"@id":"http:\/\/papayavitta.com.br\/en\/#website"},"datePublished":"2019-09-04T17:40:37+00:00","dateModified":"2021-06-17T14:35:31+00:00","description":"(PT) Produzido no Sudeste e Nordeste do Brasil, o mam\u00e3o Vitta traz as origens brasileiras \u00e0 mesa, com muito frescor, sabor e sa\u00fade. Acesse e conhe\u00e7a!","breadcrumb":{"@id":"http:\/\/papayavitta.com.br\/en\/#breadcrumb"},"inLanguage":"en-US","potentialAction":[{"@type":"ReadAction","target":["http:\/\/papayavitta.com.br\/en\/"]}]},{"@type":"BreadcrumbList","@id":"http:\/\/papayavitta.com.br\/en\/#breadcrumb","itemListElement":[{"@type":"ListItem","position":1,"name":"In\u00edcio","item":"http:\/\/papayavitta.com.br\/en\/"},{"@type":"ListItem","position":2,"name":"Home"}]},{"@type":"WebSite","@id":"http:\/\/papayavitta.com.br\/en\/#website","url":"http:\/\/papayavitta.com.br\/en\/","name":"Vitta","description":"Brazilian fruit","publisher":{"@id":"http:\/\/papayavitta.com.br\/en\/#organization"},"potentialAction":[{"@type":"SearchAction","target":{"@type":"EntryPoint","urlTemplate":"http:\/\/papayavitta.com.br\/en\/?s={search_term_string}"},"query-input":{"@type":"PropertyValueSpecification","valueRequired":true,"valueName":"search_term_string"}}],"inLanguage":"en-US"},{"@type":"Organization","@id":"http:\/\/papayavitta.com.br\/en\/#organization","name":"Vitta","url":"http:\/\/papayavitta.com.br\/en\/","logo":{"@type":"ImageObject","inLanguage":"en-US","@id":"http:\/\/papayavitta.com.br\/en\/#\/schema\/logo\/image\/","url":"https:\/\/papayavitta.com.br\/wp-content\/uploads\/2019\/09\/logo-vitta.png","contentUrl":"https:\/\/papayavitta.com.br\/wp-content\/uploads\/2019\/09\/logo-vitta.png","width":189,"height":214,"caption":"Vitta"},"image":{"@id":"http:\/\/papayavitta.com.br\/en\/#\/schema\/logo\/image\/"}}]}},"_links":{"self":[{"href":"https:\/\/papayavitta.com.br\/en\/wp-json\/wp\/v2\/pages\/7","targetHints":{"allow":["GET"]}}],"collection":[{"href":"https:\/\/papayavitta.com.br\/en\/wp-json\/wp\/v2\/pages"}],"about":[{"href":"https:\/\/papayavitta.com.br\/en\/wp-json\/wp\/v2\/types\/page"}],"author":[{"embeddable":true,"href":"https:\/\/papayavitta.com.br\/en\/wp-json\/wp\/v2\/users\/1"}],"replies":[{"embeddable":true,"href":"https:\/\/papayavitta.com.br\/en\/wp-json\/wp\/v2\/comments?post=7"}],"version-history":[{"count":3,"href":"https:\/\/papayavitta.com.br\/en\/wp-json\/wp\/v2\/pages\/7\/revisions"}],"predecessor-version":[{"id":416,"href":"https:\/\/papayavitta.com.br\/en\/wp-json\/wp\/v2\/pages\/7\/revisions\/416"}],"wp:attachment":[{"href":"https:\/\/papayavitta.com.br\/en\/wp-json\/wp\/v2\/media?parent=7"}],"curies":[{"name":"wp","href":"https:\/\/api.w.org\/{rel}","templated":true}]}}