{"id":9,"date":"2019-09-04T14:43:14","date_gmt":"2019-09-04T17:43:14","guid":{"rendered":"http:\/\/papayavitta.com.br\/?page_id=9"},"modified":"2021-05-28T16:14:10","modified_gmt":"2021-05-28T19:14:10","slug":"nossa-marca","status":"publish","type":"page","link":"https:\/\/papayavitta.com.br\/en\/nossa-marca\/","title":{"rendered":"Our brand"},"content":{"rendered":"<p>The advancement of research about the impact of good nutrition on longevity has led more and more people to focus on natural foods and healthier habits. Papaya is the ideal food for those who seek greater well-being.<\/p>\n<p>Research has shown the fruit contains multiple antioxidants, essential vitamins and other nutrients, which are important allies to those who wish for a healthier lifestyle.<\/p>","protected":false},"excerpt":{"rendered":"<p>History of Vitta<\/p>\n","protected":false},"author":1,"featured_media":0,"parent":0,"menu_order":1,"comment_status":"closed","ping_status":"closed","template":"","meta":{"footnotes":""},"class_list":["post-9","page","type-page","status-publish","hentry"],"yoast_head":"\n<title>Mam\u00e3o Vitta - Conhe\u00e7a nossa marca Vitta<\/title>\n<meta name=\"description\" content=\"O mam\u00e3o da marca Vitta surgiu para acompanhar os h\u00e1bitos alimentares mais saud\u00e1veis, com antioxidantes, vitaminas e outros nutrientes. Confira!\" \/>\n<meta name=\"robots\" content=\"index, follow, max-snippet:-1, max-image-preview:large, max-video-preview:-1\" \/>\n<link rel=\"canonical\" href=\"https:\/\/papayavitta.com.br\/nossa-marca\/\" \/>\n<meta property=\"og:locale\" content=\"en_US\" \/>\n<meta property=\"og:type\" content=\"article\" \/>\n<meta property=\"og:title\" content=\"Mam\u00e3o Vitta - Conhe\u00e7a nossa marca Vitta\" \/>\n<meta property=\"og:description\" content=\"O mam\u00e3o da marca Vitta surgiu para acompanhar os h\u00e1bitos alimentares mais saud\u00e1veis, com antioxidantes, vitaminas e outros nutrientes. Confira!\" \/>\n<meta property=\"og:url\" content=\"https:\/\/papayavitta.com.br\/nossa-marca\/\" \/>\n<meta property=\"og:site_name\" content=\"Vitta\" \/>\n<meta property=\"article:modified_time\" content=\"2021-05-28T19:14:10+00:00\" \/>\n<meta name=\"twitter:card\" content=\"summary_large_image\" \/>\n<meta name=\"twitter:label1\" content=\"Est. reading time\" \/>\n\t<meta name=\"twitter:data1\" content=\"1 minute\" \/>\n<script type=\"application\/ld+json\" class=\"yoast-schema-graph\">{\"@context\":\"https:\/\/schema.org\",\"@graph\":[{\"@type\":\"WebPage\",\"@id\":\"https:\/\/papayavitta.com.br\/nossa-marca\/\",\"url\":\"https:\/\/papayavitta.com.br\/nossa-marca\/\",\"name\":\"Mam\u00e3o Vitta - Conhe\u00e7a nossa marca Vitta\",\"isPartOf\":{\"@id\":\"http:\/\/papayavitta.com.br\/en\/#website\"},\"datePublished\":\"2019-09-04T17:43:14+00:00\",\"dateModified\":\"2021-05-28T19:14:10+00:00\",\"description\":\"O mam\u00e3o da marca Vitta surgiu para acompanhar os h\u00e1bitos alimentares mais saud\u00e1veis, com antioxidantes, vitaminas e outros nutrientes. Confira!\",\"breadcrumb\":{\"@id\":\"https:\/\/papayavitta.com.br\/nossa-marca\/#breadcrumb\"},\"inLanguage\":\"en-US\",\"potentialAction\":[{\"@type\":\"ReadAction\",\"target\":[\"https:\/\/papayavitta.com.br\/nossa-marca\/\"]}]},{\"@type\":\"BreadcrumbList\",\"@id\":\"https:\/\/papayavitta.com.br\/nossa-marca\/#breadcrumb\",\"itemListElement\":[{\"@type\":\"ListItem\",\"position\":1,\"name\":\"In\u00edcio\",\"item\":\"http:\/\/papayavitta.com.br\/en\/\"},{\"@type\":\"ListItem\",\"position\":2,\"name\":\"Nossa marca\"}]},{\"@type\":\"WebSite\",\"@id\":\"http:\/\/papayavitta.com.br\/en\/#website\",\"url\":\"http:\/\/papayavitta.com.br\/en\/\",\"name\":\"Vitta\",\"description\":\"Brazilian fruit\",\"publisher\":{\"@id\":\"http:\/\/papayavitta.com.br\/en\/#organization\"},\"potentialAction\":[{\"@type\":\"SearchAction\",\"target\":{\"@type\":\"EntryPoint\",\"urlTemplate\":\"http:\/\/papayavitta.com.br\/en\/?s={search_term_string}\"},\"query-input\":{\"@type\":\"PropertyValueSpecification\",\"valueRequired\":true,\"valueName\":\"search_term_string\"}}],\"inLanguage\":\"en-US\"},{\"@type\":\"Organization\",\"@id\":\"http:\/\/papayavitta.com.br\/en\/#organization\",\"name\":\"Vitta\",\"url\":\"http:\/\/papayavitta.com.br\/en\/\",\"logo\":{\"@type\":\"ImageObject\",\"inLanguage\":\"en-US\",\"@id\":\"http:\/\/papayavitta.com.br\/en\/#\/schema\/logo\/image\/\",\"url\":\"https:\/\/papayavitta.com.br\/wp-content\/uploads\/2019\/09\/logo-vitta.png\",\"contentUrl\":\"https:\/\/papayavitta.com.br\/wp-content\/uploads\/2019\/09\/logo-vitta.png\",\"width\":189,\"height\":214,\"caption\":\"Vitta\"},\"image\":{\"@id\":\"http:\/\/papayavitta.com.br\/en\/#\/schema\/logo\/image\/\"}}]}<\/script>\n","yoast_head_json":{"title":"Mam\u00e3o Vitta - Conhe\u00e7a nossa marca Vitta","description":"O mam\u00e3o da marca Vitta surgiu para acompanhar os h\u00e1bitos alimentares mais saud\u00e1veis, com antioxidantes, vitaminas e outros nutrientes. Confira!","robots":{"index":"index","follow":"follow","max-snippet":"max-snippet:-1","max-image-preview":"max-image-preview:large","max-video-preview":"max-video-preview:-1"},"canonical":"https:\/\/papayavitta.com.br\/nossa-marca\/","og_locale":"en_US","og_type":"article","og_title":"Mam\u00e3o Vitta - Conhe\u00e7a nossa marca Vitta","og_description":"O mam\u00e3o da marca Vitta surgiu para acompanhar os h\u00e1bitos alimentares mais saud\u00e1veis, com antioxidantes, vitaminas e outros nutrientes. Confira!","og_url":"https:\/\/papayavitta.com.br\/nossa-marca\/","og_site_name":"Vitta","article_modified_time":"2021-05-28T19:14:10+00:00","twitter_card":"summary_large_image","twitter_misc":{"Est. reading time":"1 minute"},"schema":{"@context":"https:\/\/schema.org","@graph":[{"@type":"WebPage","@id":"https:\/\/papayavitta.com.br\/nossa-marca\/","url":"https:\/\/papayavitta.com.br\/nossa-marca\/","name":"Mam\u00e3o Vitta - Conhe\u00e7a nossa marca Vitta","isPartOf":{"@id":"http:\/\/papayavitta.com.br\/en\/#website"},"datePublished":"2019-09-04T17:43:14+00:00","dateModified":"2021-05-28T19:14:10+00:00","description":"O mam\u00e3o da marca Vitta surgiu para acompanhar os h\u00e1bitos alimentares mais saud\u00e1veis, com antioxidantes, vitaminas e outros nutrientes. Confira!","breadcrumb":{"@id":"https:\/\/papayavitta.com.br\/nossa-marca\/#breadcrumb"},"inLanguage":"en-US","potentialAction":[{"@type":"ReadAction","target":["https:\/\/papayavitta.com.br\/nossa-marca\/"]}]},{"@type":"BreadcrumbList","@id":"https:\/\/papayavitta.com.br\/nossa-marca\/#breadcrumb","itemListElement":[{"@type":"ListItem","position":1,"name":"In\u00edcio","item":"http:\/\/papayavitta.com.br\/en\/"},{"@type":"ListItem","position":2,"name":"Nossa marca"}]},{"@type":"WebSite","@id":"http:\/\/papayavitta.com.br\/en\/#website","url":"http:\/\/papayavitta.com.br\/en\/","name":"Vitta","description":"Brazilian fruit","publisher":{"@id":"http:\/\/papayavitta.com.br\/en\/#organization"},"potentialAction":[{"@type":"SearchAction","target":{"@type":"EntryPoint","urlTemplate":"http:\/\/papayavitta.com.br\/en\/?s={search_term_string}"},"query-input":{"@type":"PropertyValueSpecification","valueRequired":true,"valueName":"search_term_string"}}],"inLanguage":"en-US"},{"@type":"Organization","@id":"http:\/\/papayavitta.com.br\/en\/#organization","name":"Vitta","url":"http:\/\/papayavitta.com.br\/en\/","logo":{"@type":"ImageObject","inLanguage":"en-US","@id":"http:\/\/papayavitta.com.br\/en\/#\/schema\/logo\/image\/","url":"https:\/\/papayavitta.com.br\/wp-content\/uploads\/2019\/09\/logo-vitta.png","contentUrl":"https:\/\/papayavitta.com.br\/wp-content\/uploads\/2019\/09\/logo-vitta.png","width":189,"height":214,"caption":"Vitta"},"image":{"@id":"http:\/\/papayavitta.com.br\/en\/#\/schema\/logo\/image\/"}}]}},"_links":{"self":[{"href":"https:\/\/papayavitta.com.br\/en\/wp-json\/wp\/v2\/pages\/9","targetHints":{"allow":["GET"]}}],"collection":[{"href":"https:\/\/papayavitta.com.br\/en\/wp-json\/wp\/v2\/pages"}],"about":[{"href":"https:\/\/papayavitta.com.br\/en\/wp-json\/wp\/v2\/types\/page"}],"author":[{"embeddable":true,"href":"https:\/\/papayavitta.com.br\/en\/wp-json\/wp\/v2\/users\/1"}],"replies":[{"embeddable":true,"href":"https:\/\/papayavitta.com.br\/en\/wp-json\/wp\/v2\/comments?post=9"}],"version-history":[{"count":10,"href":"https:\/\/papayavitta.com.br\/en\/wp-json\/wp\/v2\/pages\/9\/revisions"}],"predecessor-version":[{"id":392,"href":"https:\/\/papayavitta.com.br\/en\/wp-json\/wp\/v2\/pages\/9\/revisions\/392"}],"wp:attachment":[{"href":"https:\/\/papayavitta.com.br\/en\/wp-json\/wp\/v2\/media?parent=9"}],"curies":[{"name":"wp","href":"https:\/\/api.w.org\/{rel}","templated":true}]}}