{"id":113,"date":"2019-09-10T14:58:37","date_gmt":"2019-09-10T17:58:37","guid":{"rendered":"http:\/\/papayavitta.com.br\/?page_id=113"},"modified":"2021-06-10T14:36:09","modified_gmt":"2021-06-10T17:36:09","slug":"mamao-formosa","status":"publish","type":"page","link":"https:\/\/papayavitta.com.br\/es\/produtos\/mamao-formosa\/","title":{"rendered":"Papaya Formosa"},"content":{"rendered":"<p>Debido a los numerosos beneficios de la papaya Formosa, su consumo se ha hecho popular en todo el mundo. Esta variedad de papaya es una de las m\u00e1s grandes, con un peso medio de 1,3 kg y una anchura de 35 cm. Su forma tambi\u00e9n es m\u00e1s alargada. Y tiene los mismos beneficios para la salud que ofrece cada una de las variantes de la fruta.<\/p>\n<p>Los beneficios del consumo de papaya incluyen ventajas para el coraz\u00f3n, la visi\u00f3n, la piel, el sistema inmunol\u00f3gico, el sistema digestivo, entre otras funciones importantes del organismo. Esto se debe a las altas concentraciones de nutrientes como la vitamina A, el calcio, el hierro y el potasio, y ofrece el 100% de la cantidad recomendada de vitamina C en la dieta diaria. Al mismo tiempo, la papaya tiene pocas calor\u00edas, poco az\u00facar y poca grasa.<\/p>\n<h2 style=\"text-align: center;\"><strong>Valores nutricionales de la papaya<\/strong><\/h2>\n<p><img loading=\"lazy\" decoding=\"async\" class=\"aligncenter wp-image-409 size-full\" src=\"https:\/\/papayavitta.com.br\/wp-content\/uploads\/2021\/06\/Informac\u0327o\u0303es-Nutricionais-ES.png\" alt=\"\" width=\"846\" height=\"685\" srcset=\"https:\/\/papayavitta.com.br\/wp-content\/uploads\/2021\/06\/Informac\u0327o\u0303es-Nutricionais-ES.png 846w, https:\/\/papayavitta.com.br\/wp-content\/uploads\/2021\/06\/Informac\u0327o\u0303es-Nutricionais-ES-300x243.png 300w, https:\/\/papayavitta.com.br\/wp-content\/uploads\/2021\/06\/Informac\u0327o\u0303es-Nutricionais-ES-768x622.png 768w\" sizes=\"auto, (max-width: 846px) 100vw, 846px\" \/><\/p>\n<p>&nbsp;<\/p>\n<p>Al examinar las investigaciones recientes sobre las propiedades medicinales de la papaya, se encuentran a\u00fan m\u00e1s beneficios. La pulpa rojiza de la papaya Formosa revela su excelente concentraci\u00f3n de licopeno. Este nutriente ayuda al organismo a eliminar los radicales libres, que provocan la oxidaci\u00f3n de las c\u00e9lulas, y por tanto act\u00faa en la prevenci\u00f3n de enfermedades cr\u00f3nicas como la diabetes, la hipertensi\u00f3n y el c\u00e1ncer.<\/p>\n<p>La papaya tambi\u00e9n incluye carpa\u00edna, que genera efectos en el sistema circulatorio y, por lo tanto, es reconocida como un aliado en la lucha contra las enfermedades cardiovasculares. Tambi\u00e9n ayuda a la digesti\u00f3n de alimentos pesados, como la carne. Y hablando de ayuda a la digesti\u00f3n, la papaya ofrece otro punto fuerte gracias a la sustancia papa\u00edna, una enzima que ayuda al organismo a digerir mejor los alimentos.<\/p>\n<p>Para disfrutar de todos los beneficios de la papaya Formosa, puedes comer la fruta en su forma natural o utilizarla en alguna receta especial. No faltan opciones entre zumos, vitaminas, dulces y ensaladas que se pueden crear con este ingrediente ideal para la salud.<\/p>\n<h2 style=\"text-align: center;\"><strong>Sugerencia de receta<\/strong><\/h2>\n<p><img loading=\"lazy\" decoding=\"async\" class=\"aligncenter wp-image-410 \" src=\"https:\/\/papayavitta.com.br\/wp-content\/uploads\/2021\/06\/Receita-Flan-ES.png\" alt=\"\" width=\"924\" height=\"405\" srcset=\"https:\/\/papayavitta.com.br\/wp-content\/uploads\/2021\/06\/Receita-Flan-ES.png 1293w, https:\/\/papayavitta.com.br\/wp-content\/uploads\/2021\/06\/Receita-Flan-ES-300x132.png 300w, https:\/\/papayavitta.com.br\/wp-content\/uploads\/2021\/06\/Receita-Flan-ES-1024x449.png 1024w, https:\/\/papayavitta.com.br\/wp-content\/uploads\/2021\/06\/Receita-Flan-ES-768x337.png 768w\" sizes=\"auto, (max-width: 924px) 100vw, 924px\" \/><\/p>\n<p><span style=\"color: #1c4525;\"><strong>MODE DE PREPARO:<\/strong><\/span><\/p>\n<ul>\n<li>Batir la leche condensada con la papaya y el vermut (o el zumo de naranja) en una batidora hasta que est\u00e9n bien triturados.<\/li>\n<li>A\u00f1adir la gelatina caliente y batir para que se mezcle.<\/li>\n<li>Verter en moldes de bud\u00edn engrasados y enjuagados (o en moldes individuales) y mantener a temperatura ambiente hasta que est\u00e9n firmes (unos 30 minutos) antes de desmoldar.<\/li>\n<\/ul>\n<p><\/p>","protected":false},"excerpt":{"rendered":"<p>Debido a los numerosos beneficios de la papaya Formosa, su consumo se ha hecho popular en todo el mundo. Esta variedad de papaya es una de las m\u00e1s grandes, con un peso medio de 1,3 kg y una anchura de 35 cm. Su forma tambi\u00e9n es m\u00e1s alargada. Y tiene los mismos beneficios para la [&hellip;]<\/p>\n","protected":false},"author":1,"featured_media":229,"parent":11,"menu_order":0,"comment_status":"closed","ping_status":"closed","template":"page-template-mamao.php","meta":{"footnotes":""},"class_list":["post-113","page","type-page","status-publish","has-post-thumbnail","hentry"],"yoast_head":"\n<title>(PT) Mam\u00e3o Formosa - Vitta | Mais mam\u00e3o na sua vida<\/title>\n<meta name=\"description\" content=\"(PT) O mam\u00e3o Formosa se popularizou por todo o mundo, levando mais sa\u00fade aos consumidores. Confira os valores nutricionaise e outras informa\u00e7\u00f5es!\" \/>\n<meta name=\"robots\" content=\"index, follow, max-snippet:-1, max-image-preview:large, max-video-preview:-1\" \/>\n<link rel=\"canonical\" href=\"https:\/\/papayavitta.com.br\/en\/produtos\/mamao-formosa\/\" \/>\n<meta property=\"og:locale\" content=\"es_ES\" \/>\n<meta property=\"og:type\" content=\"article\" \/>\n<meta property=\"og:title\" content=\"(PT) Mam\u00e3o Formosa - Vitta | Mais mam\u00e3o na sua vida\" \/>\n<meta property=\"og:description\" content=\"(PT) O mam\u00e3o Formosa se popularizou por todo o mundo, levando mais sa\u00fade aos consumidores. Confira os valores nutricionaise e outras informa\u00e7\u00f5es!\" \/>\n<meta property=\"og:url\" content=\"https:\/\/papayavitta.com.br\/en\/produtos\/mamao-formosa\/\" \/>\n<meta property=\"og:site_name\" content=\"Vitta\" \/>\n<meta property=\"article:modified_time\" content=\"2021-06-10T17:36:09+00:00\" \/>\n<meta property=\"og:image\" content=\"https:\/\/papayavitta.com.br\/wp-content\/uploads\/2020\/01\/banner-mamao-formosa.png\" \/>\n\t<meta property=\"og:image:width\" content=\"1920\" \/>\n\t<meta property=\"og:image:height\" content=\"528\" \/>\n\t<meta property=\"og:image:type\" content=\"image\/png\" \/>\n<meta name=\"twitter:card\" content=\"summary_large_image\" \/>\n<meta name=\"twitter:label1\" content=\"Tiempo de lectura\" \/>\n\t<meta name=\"twitter:data1\" content=\"3 minutos\" \/>\n<script type=\"application\/ld+json\" class=\"yoast-schema-graph\">{\"@context\":\"https:\/\/schema.org\",\"@graph\":[{\"@type\":\"WebPage\",\"@id\":\"https:\/\/papayavitta.com.br\/en\/produtos\/mamao-formosa\/\",\"url\":\"https:\/\/papayavitta.com.br\/en\/produtos\/mamao-formosa\/\",\"name\":\"(PT) Mam\u00e3o Formosa - Vitta | Mais mam\u00e3o na sua vida\",\"isPartOf\":{\"@id\":\"http:\/\/papayavitta.com.br\/en\/#website\"},\"primaryImageOfPage\":{\"@id\":\"https:\/\/papayavitta.com.br\/en\/produtos\/mamao-formosa\/#primaryimage\"},\"image\":{\"@id\":\"https:\/\/papayavitta.com.br\/en\/produtos\/mamao-formosa\/#primaryimage\"},\"thumbnailUrl\":\"https:\/\/papayavitta.com.br\/wp-content\/uploads\/2020\/01\/banner-mamao-formosa.png\",\"datePublished\":\"2019-09-10T17:58:37+00:00\",\"dateModified\":\"2021-06-10T17:36:09+00:00\",\"description\":\"(PT) O mam\u00e3o Formosa se popularizou por todo o mundo, levando mais sa\u00fade aos consumidores. Confira os valores nutricionaise e outras informa\u00e7\u00f5es!\",\"breadcrumb\":{\"@id\":\"https:\/\/papayavitta.com.br\/en\/produtos\/mamao-formosa\/#breadcrumb\"},\"inLanguage\":\"es\",\"potentialAction\":[{\"@type\":\"ReadAction\",\"target\":[\"https:\/\/papayavitta.com.br\/en\/produtos\/mamao-formosa\/\"]}]},{\"@type\":\"ImageObject\",\"inLanguage\":\"es\",\"@id\":\"https:\/\/papayavitta.com.br\/en\/produtos\/mamao-formosa\/#primaryimage\",\"url\":\"https:\/\/papayavitta.com.br\/wp-content\/uploads\/2020\/01\/banner-mamao-formosa.png\",\"contentUrl\":\"https:\/\/papayavitta.com.br\/wp-content\/uploads\/2020\/01\/banner-mamao-formosa.png\",\"width\":1920,\"height\":528},{\"@type\":\"BreadcrumbList\",\"@id\":\"https:\/\/papayavitta.com.br\/en\/produtos\/mamao-formosa\/#breadcrumb\",\"itemListElement\":[{\"@type\":\"ListItem\",\"position\":1,\"name\":\"In\u00edcio\",\"item\":\"http:\/\/papayavitta.com.br\/en\/\"},{\"@type\":\"ListItem\",\"position\":2,\"name\":\"Products\",\"item\":\"https:\/\/papayavitta.com.br\/en\/produtos\/\"},{\"@type\":\"ListItem\",\"position\":3,\"name\":\"Formosa Papaya\"}]},{\"@type\":\"WebSite\",\"@id\":\"http:\/\/papayavitta.com.br\/en\/#website\",\"url\":\"http:\/\/papayavitta.com.br\/en\/\",\"name\":\"Vitta\",\"description\":\"Brazilian fruit\",\"publisher\":{\"@id\":\"http:\/\/papayavitta.com.br\/en\/#organization\"},\"potentialAction\":[{\"@type\":\"SearchAction\",\"target\":{\"@type\":\"EntryPoint\",\"urlTemplate\":\"http:\/\/papayavitta.com.br\/en\/?s={search_term_string}\"},\"query-input\":{\"@type\":\"PropertyValueSpecification\",\"valueRequired\":true,\"valueName\":\"search_term_string\"}}],\"inLanguage\":\"es\"},{\"@type\":\"Organization\",\"@id\":\"http:\/\/papayavitta.com.br\/en\/#organization\",\"name\":\"Vitta\",\"url\":\"http:\/\/papayavitta.com.br\/en\/\",\"logo\":{\"@type\":\"ImageObject\",\"inLanguage\":\"es\",\"@id\":\"http:\/\/papayavitta.com.br\/en\/#\/schema\/logo\/image\/\",\"url\":\"https:\/\/papayavitta.com.br\/wp-content\/uploads\/2019\/09\/logo-vitta.png\",\"contentUrl\":\"https:\/\/papayavitta.com.br\/wp-content\/uploads\/2019\/09\/logo-vitta.png\",\"width\":189,\"height\":214,\"caption\":\"Vitta\"},\"image\":{\"@id\":\"http:\/\/papayavitta.com.br\/en\/#\/schema\/logo\/image\/\"}}]}<\/script>\n","yoast_head_json":{"title":"(PT) Mam\u00e3o Formosa - Vitta | Mais mam\u00e3o na sua vida","description":"(PT) O mam\u00e3o Formosa se popularizou por todo o mundo, levando mais sa\u00fade aos consumidores. Confira os valores nutricionaise e outras informa\u00e7\u00f5es!","robots":{"index":"index","follow":"follow","max-snippet":"max-snippet:-1","max-image-preview":"max-image-preview:large","max-video-preview":"max-video-preview:-1"},"canonical":"https:\/\/papayavitta.com.br\/en\/produtos\/mamao-formosa\/","og_locale":"es_ES","og_type":"article","og_title":"(PT) Mam\u00e3o Formosa - Vitta | Mais mam\u00e3o na sua vida","og_description":"(PT) O mam\u00e3o Formosa se popularizou por todo o mundo, levando mais sa\u00fade aos consumidores. Confira os valores nutricionaise e outras informa\u00e7\u00f5es!","og_url":"https:\/\/papayavitta.com.br\/en\/produtos\/mamao-formosa\/","og_site_name":"Vitta","article_modified_time":"2021-06-10T17:36:09+00:00","og_image":[{"width":1920,"height":528,"url":"https:\/\/papayavitta.com.br\/wp-content\/uploads\/2020\/01\/banner-mamao-formosa.png","type":"image\/png"}],"twitter_card":"summary_large_image","twitter_misc":{"Tiempo de lectura":"3 minutos"},"schema":{"@context":"https:\/\/schema.org","@graph":[{"@type":"WebPage","@id":"https:\/\/papayavitta.com.br\/en\/produtos\/mamao-formosa\/","url":"https:\/\/papayavitta.com.br\/en\/produtos\/mamao-formosa\/","name":"(PT) Mam\u00e3o Formosa - Vitta | Mais mam\u00e3o na sua vida","isPartOf":{"@id":"http:\/\/papayavitta.com.br\/en\/#website"},"primaryImageOfPage":{"@id":"https:\/\/papayavitta.com.br\/en\/produtos\/mamao-formosa\/#primaryimage"},"image":{"@id":"https:\/\/papayavitta.com.br\/en\/produtos\/mamao-formosa\/#primaryimage"},"thumbnailUrl":"https:\/\/papayavitta.com.br\/wp-content\/uploads\/2020\/01\/banner-mamao-formosa.png","datePublished":"2019-09-10T17:58:37+00:00","dateModified":"2021-06-10T17:36:09+00:00","description":"(PT) O mam\u00e3o Formosa se popularizou por todo o mundo, levando mais sa\u00fade aos consumidores. Confira os valores nutricionaise e outras informa\u00e7\u00f5es!","breadcrumb":{"@id":"https:\/\/papayavitta.com.br\/en\/produtos\/mamao-formosa\/#breadcrumb"},"inLanguage":"es","potentialAction":[{"@type":"ReadAction","target":["https:\/\/papayavitta.com.br\/en\/produtos\/mamao-formosa\/"]}]},{"@type":"ImageObject","inLanguage":"es","@id":"https:\/\/papayavitta.com.br\/en\/produtos\/mamao-formosa\/#primaryimage","url":"https:\/\/papayavitta.com.br\/wp-content\/uploads\/2020\/01\/banner-mamao-formosa.png","contentUrl":"https:\/\/papayavitta.com.br\/wp-content\/uploads\/2020\/01\/banner-mamao-formosa.png","width":1920,"height":528},{"@type":"BreadcrumbList","@id":"https:\/\/papayavitta.com.br\/en\/produtos\/mamao-formosa\/#breadcrumb","itemListElement":[{"@type":"ListItem","position":1,"name":"In\u00edcio","item":"http:\/\/papayavitta.com.br\/en\/"},{"@type":"ListItem","position":2,"name":"Products","item":"https:\/\/papayavitta.com.br\/en\/produtos\/"},{"@type":"ListItem","position":3,"name":"Formosa Papaya"}]},{"@type":"WebSite","@id":"http:\/\/papayavitta.com.br\/en\/#website","url":"http:\/\/papayavitta.com.br\/en\/","name":"Vitta","description":"Brazilian fruit","publisher":{"@id":"http:\/\/papayavitta.com.br\/en\/#organization"},"potentialAction":[{"@type":"SearchAction","target":{"@type":"EntryPoint","urlTemplate":"http:\/\/papayavitta.com.br\/en\/?s={search_term_string}"},"query-input":{"@type":"PropertyValueSpecification","valueRequired":true,"valueName":"search_term_string"}}],"inLanguage":"es"},{"@type":"Organization","@id":"http:\/\/papayavitta.com.br\/en\/#organization","name":"Vitta","url":"http:\/\/papayavitta.com.br\/en\/","logo":{"@type":"ImageObject","inLanguage":"es","@id":"http:\/\/papayavitta.com.br\/en\/#\/schema\/logo\/image\/","url":"https:\/\/papayavitta.com.br\/wp-content\/uploads\/2019\/09\/logo-vitta.png","contentUrl":"https:\/\/papayavitta.com.br\/wp-content\/uploads\/2019\/09\/logo-vitta.png","width":189,"height":214,"caption":"Vitta"},"image":{"@id":"http:\/\/papayavitta.com.br\/en\/#\/schema\/logo\/image\/"}}]}},"_links":{"self":[{"href":"https:\/\/papayavitta.com.br\/es\/wp-json\/wp\/v2\/pages\/113","targetHints":{"allow":["GET"]}}],"collection":[{"href":"https:\/\/papayavitta.com.br\/es\/wp-json\/wp\/v2\/pages"}],"about":[{"href":"https:\/\/papayavitta.com.br\/es\/wp-json\/wp\/v2\/types\/page"}],"author":[{"embeddable":true,"href":"https:\/\/papayavitta.com.br\/es\/wp-json\/wp\/v2\/users\/1"}],"replies":[{"embeddable":true,"href":"https:\/\/papayavitta.com.br\/es\/wp-json\/wp\/v2\/comments?post=113"}],"version-history":[{"count":8,"href":"https:\/\/papayavitta.com.br\/es\/wp-json\/wp\/v2\/pages\/113\/revisions"}],"predecessor-version":[{"id":411,"href":"https:\/\/papayavitta.com.br\/es\/wp-json\/wp\/v2\/pages\/113\/revisions\/411"}],"up":[{"embeddable":true,"href":"https:\/\/papayavitta.com.br\/es\/wp-json\/wp\/v2\/pages\/11"}],"wp:featuredmedia":[{"embeddable":true,"href":"https:\/\/papayavitta.com.br\/es\/wp-json\/wp\/v2\/media\/229"}],"wp:attachment":[{"href":"https:\/\/papayavitta.com.br\/es\/wp-json\/wp\/v2\/media?parent=113"}],"curies":[{"name":"wp","href":"https:\/\/api.w.org\/{rel}","templated":true}]}}