{"id":13,"date":"2019-09-04T14:56:29","date_gmt":"2019-09-04T17:56:29","guid":{"rendered":"http:\/\/papayavitta.com.br\/?page_id=13"},"modified":"2024-07-11T21:42:20","modified_gmt":"2024-07-12T00:42:20","slug":"certificacoes","status":"publish","type":"page","link":"https:\/\/papayavitta.com.br\/es\/certificacoes\/","title":{"rendered":"Certificaciones"},"content":{"rendered":"<p>Nuestro papel no solo se limita a suministrar papaya de calidad producida en Brasil. Queremos contribuir a un mundo mejor. Realizamos nuestro trabajo con un respeto incondicional al medio ambiente y a las personas implicadas en estos procesos. Cuidamos mucho desde el cultivo hasta la exportaci\u00f3n de la papaya, yendo m\u00e1s all\u00e1 de lo b\u00e1sico.<\/p>\n<p>Cada una de las certificaciones internacionales para la exportaci\u00f3n de papaya, concedidas a nuestro exportador Interfruit, es un s\u00edmbolo de este cuidado por lo que es mejor para el mundo. A trav\u00e9s de ellos, m\u00e1s personas de decenas de pa\u00edses pueden disfrutar de nuestros productos, de forma segura y sin preocupaciones.<\/p>","protected":false},"excerpt":{"rendered":"<p>Nuestro papel no solo se limita a suministrar papaya de calidad producida en Brasil. Queremos contribuir a un mundo mejor. Realizamos nuestro trabajo con un respeto incondicional al medio ambiente y a las personas implicadas en estos procesos. Cuidamos mucho desde el cultivo hasta la exportaci\u00f3n de la papaya, yendo m\u00e1s all\u00e1 de lo b\u00e1sico. [&hellip;]<\/p>\n","protected":false},"author":1,"featured_media":129,"parent":0,"menu_order":4,"comment_status":"closed","ping_status":"closed","template":"page-certificacoes.php","meta":{"footnotes":""},"class_list":["post-13","page","type-page","status-publish","has-post-thumbnail","hentry"],"yoast_head":"\n<title>Certifica\u00e7\u00f5es internacionais de exporta\u00e7\u00e3o - Mam\u00e3o Vitta<\/title>\n<meta name=\"description\" content=\"Atrav\u00e9s das nossas certifica\u00e7\u00f5es internacionais para a exporta\u00e7\u00e3o de mam\u00e3o, nossos produtos chegam com seguran\u00e7a e livres de preocupa\u00e7\u00f5es!\" \/>\n<meta name=\"robots\" content=\"index, follow, max-snippet:-1, max-image-preview:large, max-video-preview:-1\" \/>\n<link rel=\"canonical\" href=\"https:\/\/papayavitta.com.br\/certificacoes\/\" \/>\n<meta property=\"og:locale\" content=\"es_ES\" \/>\n<meta property=\"og:type\" content=\"article\" \/>\n<meta property=\"og:title\" content=\"Certifica\u00e7\u00f5es internacionais de exporta\u00e7\u00e3o - Mam\u00e3o Vitta\" \/>\n<meta property=\"og:description\" content=\"Atrav\u00e9s das nossas certifica\u00e7\u00f5es internacionais para a exporta\u00e7\u00e3o de mam\u00e3o, nossos produtos chegam com seguran\u00e7a e livres de preocupa\u00e7\u00f5es!\" \/>\n<meta property=\"og:url\" content=\"https:\/\/papayavitta.com.br\/certificacoes\/\" \/>\n<meta property=\"og:site_name\" content=\"Vitta\" \/>\n<meta property=\"article:modified_time\" content=\"2024-07-12T00:42:20+00:00\" \/>\n<meta property=\"og:image\" content=\"https:\/\/papayavitta.com.br\/wp-content\/uploads\/2019\/09\/banner-certificacoes.png\" \/>\n\t<meta property=\"og:image:width\" content=\"1920\" \/>\n\t<meta property=\"og:image:height\" content=\"500\" \/>\n\t<meta property=\"og:image:type\" content=\"image\/png\" \/>\n<meta name=\"twitter:card\" content=\"summary_large_image\" \/>\n<meta name=\"twitter:label1\" content=\"Tiempo de lectura\" \/>\n\t<meta name=\"twitter:data1\" content=\"1 minuto\" \/>\n<script type=\"application\/ld+json\" class=\"yoast-schema-graph\">{\"@context\":\"https:\/\/schema.org\",\"@graph\":[{\"@type\":\"WebPage\",\"@id\":\"https:\/\/papayavitta.com.br\/certificacoes\/\",\"url\":\"https:\/\/papayavitta.com.br\/certificacoes\/\",\"name\":\"Certifica\u00e7\u00f5es internacionais de exporta\u00e7\u00e3o - Mam\u00e3o Vitta\",\"isPartOf\":{\"@id\":\"http:\/\/papayavitta.com.br\/en\/#website\"},\"primaryImageOfPage\":{\"@id\":\"https:\/\/papayavitta.com.br\/certificacoes\/#primaryimage\"},\"image\":{\"@id\":\"https:\/\/papayavitta.com.br\/certificacoes\/#primaryimage\"},\"thumbnailUrl\":\"https:\/\/papayavitta.com.br\/wp-content\/uploads\/2019\/09\/banner-certificacoes.png\",\"datePublished\":\"2019-09-04T17:56:29+00:00\",\"dateModified\":\"2024-07-12T00:42:20+00:00\",\"description\":\"Atrav\u00e9s das nossas certifica\u00e7\u00f5es internacionais para a exporta\u00e7\u00e3o de mam\u00e3o, nossos produtos chegam com seguran\u00e7a e livres de preocupa\u00e7\u00f5es!\",\"breadcrumb\":{\"@id\":\"https:\/\/papayavitta.com.br\/certificacoes\/#breadcrumb\"},\"inLanguage\":\"es\",\"potentialAction\":[{\"@type\":\"ReadAction\",\"target\":[\"https:\/\/papayavitta.com.br\/certificacoes\/\"]}]},{\"@type\":\"ImageObject\",\"inLanguage\":\"es\",\"@id\":\"https:\/\/papayavitta.com.br\/certificacoes\/#primaryimage\",\"url\":\"https:\/\/papayavitta.com.br\/wp-content\/uploads\/2019\/09\/banner-certificacoes.png\",\"contentUrl\":\"https:\/\/papayavitta.com.br\/wp-content\/uploads\/2019\/09\/banner-certificacoes.png\",\"width\":1920,\"height\":500,\"caption\":\"Certifica\u00e7\u00f5es internacionais para exporta\u00e7\u00e3o - Vitta\"},{\"@type\":\"BreadcrumbList\",\"@id\":\"https:\/\/papayavitta.com.br\/certificacoes\/#breadcrumb\",\"itemListElement\":[{\"@type\":\"ListItem\",\"position\":1,\"name\":\"In\u00edcio\",\"item\":\"http:\/\/papayavitta.com.br\/en\/\"},{\"@type\":\"ListItem\",\"position\":2,\"name\":\"Certifica\u00e7\u00f5es\"}]},{\"@type\":\"WebSite\",\"@id\":\"http:\/\/papayavitta.com.br\/en\/#website\",\"url\":\"http:\/\/papayavitta.com.br\/en\/\",\"name\":\"Vitta\",\"description\":\"Brazilian fruit\",\"publisher\":{\"@id\":\"http:\/\/papayavitta.com.br\/en\/#organization\"},\"potentialAction\":[{\"@type\":\"SearchAction\",\"target\":{\"@type\":\"EntryPoint\",\"urlTemplate\":\"http:\/\/papayavitta.com.br\/en\/?s={search_term_string}\"},\"query-input\":{\"@type\":\"PropertyValueSpecification\",\"valueRequired\":true,\"valueName\":\"search_term_string\"}}],\"inLanguage\":\"es\"},{\"@type\":\"Organization\",\"@id\":\"http:\/\/papayavitta.com.br\/en\/#organization\",\"name\":\"Vitta\",\"url\":\"http:\/\/papayavitta.com.br\/en\/\",\"logo\":{\"@type\":\"ImageObject\",\"inLanguage\":\"es\",\"@id\":\"http:\/\/papayavitta.com.br\/en\/#\/schema\/logo\/image\/\",\"url\":\"https:\/\/papayavitta.com.br\/wp-content\/uploads\/2019\/09\/logo-vitta.png\",\"contentUrl\":\"https:\/\/papayavitta.com.br\/wp-content\/uploads\/2019\/09\/logo-vitta.png\",\"width\":189,\"height\":214,\"caption\":\"Vitta\"},\"image\":{\"@id\":\"http:\/\/papayavitta.com.br\/en\/#\/schema\/logo\/image\/\"}}]}<\/script>\n","yoast_head_json":{"title":"Certifica\u00e7\u00f5es internacionais de exporta\u00e7\u00e3o - Mam\u00e3o Vitta","description":"Atrav\u00e9s das nossas certifica\u00e7\u00f5es internacionais para a exporta\u00e7\u00e3o de mam\u00e3o, nossos produtos chegam com seguran\u00e7a e livres de preocupa\u00e7\u00f5es!","robots":{"index":"index","follow":"follow","max-snippet":"max-snippet:-1","max-image-preview":"max-image-preview:large","max-video-preview":"max-video-preview:-1"},"canonical":"https:\/\/papayavitta.com.br\/certificacoes\/","og_locale":"es_ES","og_type":"article","og_title":"Certifica\u00e7\u00f5es internacionais de exporta\u00e7\u00e3o - Mam\u00e3o Vitta","og_description":"Atrav\u00e9s das nossas certifica\u00e7\u00f5es internacionais para a exporta\u00e7\u00e3o de mam\u00e3o, nossos produtos chegam com seguran\u00e7a e livres de preocupa\u00e7\u00f5es!","og_url":"https:\/\/papayavitta.com.br\/certificacoes\/","og_site_name":"Vitta","article_modified_time":"2024-07-12T00:42:20+00:00","og_image":[{"width":1920,"height":500,"url":"https:\/\/papayavitta.com.br\/wp-content\/uploads\/2019\/09\/banner-certificacoes.png","type":"image\/png"}],"twitter_card":"summary_large_image","twitter_misc":{"Tiempo de lectura":"1 minuto"},"schema":{"@context":"https:\/\/schema.org","@graph":[{"@type":"WebPage","@id":"https:\/\/papayavitta.com.br\/certificacoes\/","url":"https:\/\/papayavitta.com.br\/certificacoes\/","name":"Certifica\u00e7\u00f5es internacionais de exporta\u00e7\u00e3o - Mam\u00e3o Vitta","isPartOf":{"@id":"http:\/\/papayavitta.com.br\/en\/#website"},"primaryImageOfPage":{"@id":"https:\/\/papayavitta.com.br\/certificacoes\/#primaryimage"},"image":{"@id":"https:\/\/papayavitta.com.br\/certificacoes\/#primaryimage"},"thumbnailUrl":"https:\/\/papayavitta.com.br\/wp-content\/uploads\/2019\/09\/banner-certificacoes.png","datePublished":"2019-09-04T17:56:29+00:00","dateModified":"2024-07-12T00:42:20+00:00","description":"Atrav\u00e9s das nossas certifica\u00e7\u00f5es internacionais para a exporta\u00e7\u00e3o de mam\u00e3o, nossos produtos chegam com seguran\u00e7a e livres de preocupa\u00e7\u00f5es!","breadcrumb":{"@id":"https:\/\/papayavitta.com.br\/certificacoes\/#breadcrumb"},"inLanguage":"es","potentialAction":[{"@type":"ReadAction","target":["https:\/\/papayavitta.com.br\/certificacoes\/"]}]},{"@type":"ImageObject","inLanguage":"es","@id":"https:\/\/papayavitta.com.br\/certificacoes\/#primaryimage","url":"https:\/\/papayavitta.com.br\/wp-content\/uploads\/2019\/09\/banner-certificacoes.png","contentUrl":"https:\/\/papayavitta.com.br\/wp-content\/uploads\/2019\/09\/banner-certificacoes.png","width":1920,"height":500,"caption":"Certifica\u00e7\u00f5es internacionais para exporta\u00e7\u00e3o - Vitta"},{"@type":"BreadcrumbList","@id":"https:\/\/papayavitta.com.br\/certificacoes\/#breadcrumb","itemListElement":[{"@type":"ListItem","position":1,"name":"In\u00edcio","item":"http:\/\/papayavitta.com.br\/en\/"},{"@type":"ListItem","position":2,"name":"Certifica\u00e7\u00f5es"}]},{"@type":"WebSite","@id":"http:\/\/papayavitta.com.br\/en\/#website","url":"http:\/\/papayavitta.com.br\/en\/","name":"Vitta","description":"Brazilian fruit","publisher":{"@id":"http:\/\/papayavitta.com.br\/en\/#organization"},"potentialAction":[{"@type":"SearchAction","target":{"@type":"EntryPoint","urlTemplate":"http:\/\/papayavitta.com.br\/en\/?s={search_term_string}"},"query-input":{"@type":"PropertyValueSpecification","valueRequired":true,"valueName":"search_term_string"}}],"inLanguage":"es"},{"@type":"Organization","@id":"http:\/\/papayavitta.com.br\/en\/#organization","name":"Vitta","url":"http:\/\/papayavitta.com.br\/en\/","logo":{"@type":"ImageObject","inLanguage":"es","@id":"http:\/\/papayavitta.com.br\/en\/#\/schema\/logo\/image\/","url":"https:\/\/papayavitta.com.br\/wp-content\/uploads\/2019\/09\/logo-vitta.png","contentUrl":"https:\/\/papayavitta.com.br\/wp-content\/uploads\/2019\/09\/logo-vitta.png","width":189,"height":214,"caption":"Vitta"},"image":{"@id":"http:\/\/papayavitta.com.br\/en\/#\/schema\/logo\/image\/"}}]}},"_links":{"self":[{"href":"https:\/\/papayavitta.com.br\/es\/wp-json\/wp\/v2\/pages\/13","targetHints":{"allow":["GET"]}}],"collection":[{"href":"https:\/\/papayavitta.com.br\/es\/wp-json\/wp\/v2\/pages"}],"about":[{"href":"https:\/\/papayavitta.com.br\/es\/wp-json\/wp\/v2\/types\/page"}],"author":[{"embeddable":true,"href":"https:\/\/papayavitta.com.br\/es\/wp-json\/wp\/v2\/users\/1"}],"replies":[{"embeddable":true,"href":"https:\/\/papayavitta.com.br\/es\/wp-json\/wp\/v2\/comments?post=13"}],"version-history":[{"count":10,"href":"https:\/\/papayavitta.com.br\/es\/wp-json\/wp\/v2\/pages\/13\/revisions"}],"predecessor-version":[{"id":437,"href":"https:\/\/papayavitta.com.br\/es\/wp-json\/wp\/v2\/pages\/13\/revisions\/437"}],"wp:featuredmedia":[{"embeddable":true,"href":"https:\/\/papayavitta.com.br\/es\/wp-json\/wp\/v2\/media\/129"}],"wp:attachment":[{"href":"https:\/\/papayavitta.com.br\/es\/wp-json\/wp\/v2\/media?parent=13"}],"curies":[{"name":"wp","href":"https:\/\/api.w.org\/{rel}","templated":true}]}}