{"id":15,"date":"2019-09-04T14:56:42","date_gmt":"2019-09-04T17:56:42","guid":{"rendered":"http:\/\/papayavitta.com.br\/?page_id=15"},"modified":"2021-06-04T10:56:04","modified_gmt":"2021-06-04T13:56:04","slug":"exportadora-vitta","status":"publish","type":"page","link":"https:\/\/papayavitta.com.br\/es\/exportadora-vitta\/","title":{"rendered":"Exportador"},"content":{"rendered":"<p>Contribuir al bienestar a la gente a trav\u00e9s de la papaya requiere un cuidado especial desde la plantaci\u00f3n hasta el transporte de la fruta. Nuestros productores asociados en el sureste y noreste de Brasil se comprometen a trabajar para mejorar constantemente estos procesos en la producci\u00f3n de papaya. Se unen a nosotros en este objetivo de proteger la naturaleza y los medios de supervivencia de las comunidades locales.<\/p>\n<p>Cuando recibimos las papayas recogidas y son seleccionadas con cuidado, comienza nuestro trabajo de preparaci\u00f3n de la fruta para su transporte a largas distancias. La papaya recibe un tratamiento especial para mantener su frescura natural durante m\u00e1s tiempo, de modo que pueda ser consumida con todo su sabor por quienes deseen disfrutar de los beneficios de la fruta.<\/p>\n<p>Por estas y otras razones, las papayas de Vitta llegan con seguridad a m\u00e1s de 15 pa\u00edses de destino, repartidos en tres continentes.<\/p>","protected":false},"excerpt":{"rendered":"<p>Contribuir al bienestar a la gente a trav\u00e9s de la papaya requiere un cuidado especial desde la plantaci\u00f3n hasta el transporte de la fruta. Nuestros productores asociados en el sureste y noreste de Brasil se comprometen a trabajar para mejorar constantemente estos procesos en la producci\u00f3n de papaya. Se unen a nosotros en este objetivo [&hellip;]<\/p>\n","protected":false},"author":1,"featured_media":164,"parent":0,"menu_order":5,"comment_status":"closed","ping_status":"closed","template":"page-exportadora.php","meta":{"footnotes":""},"class_list":["post-15","page","type-page","status-publish","has-post-thumbnail","hentry"],"yoast_head":"\n<title>Exportadora de mam\u00e3o - Vitta<\/title>\n<meta name=\"description\" content=\"Como exportadora de mam\u00e3o Vitta, temos o cuidado t\u00e9rmico especial, para que a fruta se mantenha fresca, saborosa e rica em nutrientes.\" \/>\n<meta name=\"robots\" content=\"index, follow, max-snippet:-1, max-image-preview:large, max-video-preview:-1\" \/>\n<link rel=\"canonical\" href=\"https:\/\/papayavitta.com.br\/exportadora-vitta\/\" \/>\n<meta property=\"og:locale\" content=\"es_ES\" \/>\n<meta property=\"og:type\" content=\"article\" \/>\n<meta property=\"og:title\" content=\"Exportadora de mam\u00e3o - Vitta\" \/>\n<meta property=\"og:description\" content=\"Como exportadora de mam\u00e3o Vitta, temos o cuidado t\u00e9rmico especial, para que a fruta se mantenha fresca, saborosa e rica em nutrientes.\" \/>\n<meta property=\"og:url\" content=\"https:\/\/papayavitta.com.br\/exportadora-vitta\/\" \/>\n<meta property=\"og:site_name\" content=\"Vitta\" \/>\n<meta property=\"article:modified_time\" content=\"2021-06-04T13:56:04+00:00\" \/>\n<meta property=\"og:image\" content=\"https:\/\/papayavitta.com.br\/wp-content\/uploads\/2019\/09\/banner-exportadora.png\" \/>\n\t<meta property=\"og:image:width\" content=\"1920\" \/>\n\t<meta property=\"og:image:height\" content=\"400\" \/>\n\t<meta property=\"og:image:type\" content=\"image\/png\" \/>\n<meta name=\"twitter:card\" content=\"summary_large_image\" \/>\n<meta name=\"twitter:label1\" content=\"Tiempo de lectura\" \/>\n\t<meta name=\"twitter:data1\" content=\"1 minuto\" \/>\n<script type=\"application\/ld+json\" class=\"yoast-schema-graph\">{\"@context\":\"https:\/\/schema.org\",\"@graph\":[{\"@type\":\"WebPage\",\"@id\":\"https:\/\/papayavitta.com.br\/exportadora-vitta\/\",\"url\":\"https:\/\/papayavitta.com.br\/exportadora-vitta\/\",\"name\":\"Exportadora de mam\u00e3o - Vitta\",\"isPartOf\":{\"@id\":\"http:\/\/papayavitta.com.br\/en\/#website\"},\"primaryImageOfPage\":{\"@id\":\"https:\/\/papayavitta.com.br\/exportadora-vitta\/#primaryimage\"},\"image\":{\"@id\":\"https:\/\/papayavitta.com.br\/exportadora-vitta\/#primaryimage\"},\"thumbnailUrl\":\"https:\/\/papayavitta.com.br\/wp-content\/uploads\/2019\/09\/banner-exportadora.png\",\"datePublished\":\"2019-09-04T17:56:42+00:00\",\"dateModified\":\"2021-06-04T13:56:04+00:00\",\"description\":\"Como exportadora de mam\u00e3o Vitta, temos o cuidado t\u00e9rmico especial, para que a fruta se mantenha fresca, saborosa e rica em nutrientes.\",\"breadcrumb\":{\"@id\":\"https:\/\/papayavitta.com.br\/exportadora-vitta\/#breadcrumb\"},\"inLanguage\":\"es\",\"potentialAction\":[{\"@type\":\"ReadAction\",\"target\":[\"https:\/\/papayavitta.com.br\/exportadora-vitta\/\"]}]},{\"@type\":\"ImageObject\",\"inLanguage\":\"es\",\"@id\":\"https:\/\/papayavitta.com.br\/exportadora-vitta\/#primaryimage\",\"url\":\"https:\/\/papayavitta.com.br\/wp-content\/uploads\/2019\/09\/banner-exportadora.png\",\"contentUrl\":\"https:\/\/papayavitta.com.br\/wp-content\/uploads\/2019\/09\/banner-exportadora.png\",\"width\":1920,\"height\":400,\"caption\":\"Interfruit Exportadora de mam\u00e3o\"},{\"@type\":\"BreadcrumbList\",\"@id\":\"https:\/\/papayavitta.com.br\/exportadora-vitta\/#breadcrumb\",\"itemListElement\":[{\"@type\":\"ListItem\",\"position\":1,\"name\":\"In\u00edcio\",\"item\":\"http:\/\/papayavitta.com.br\/en\/\"},{\"@type\":\"ListItem\",\"position\":2,\"name\":\"Exportadora\"}]},{\"@type\":\"WebSite\",\"@id\":\"http:\/\/papayavitta.com.br\/en\/#website\",\"url\":\"http:\/\/papayavitta.com.br\/en\/\",\"name\":\"Vitta\",\"description\":\"Brazilian fruit\",\"publisher\":{\"@id\":\"http:\/\/papayavitta.com.br\/en\/#organization\"},\"potentialAction\":[{\"@type\":\"SearchAction\",\"target\":{\"@type\":\"EntryPoint\",\"urlTemplate\":\"http:\/\/papayavitta.com.br\/en\/?s={search_term_string}\"},\"query-input\":{\"@type\":\"PropertyValueSpecification\",\"valueRequired\":true,\"valueName\":\"search_term_string\"}}],\"inLanguage\":\"es\"},{\"@type\":\"Organization\",\"@id\":\"http:\/\/papayavitta.com.br\/en\/#organization\",\"name\":\"Vitta\",\"url\":\"http:\/\/papayavitta.com.br\/en\/\",\"logo\":{\"@type\":\"ImageObject\",\"inLanguage\":\"es\",\"@id\":\"http:\/\/papayavitta.com.br\/en\/#\/schema\/logo\/image\/\",\"url\":\"https:\/\/papayavitta.com.br\/wp-content\/uploads\/2019\/09\/logo-vitta.png\",\"contentUrl\":\"https:\/\/papayavitta.com.br\/wp-content\/uploads\/2019\/09\/logo-vitta.png\",\"width\":189,\"height\":214,\"caption\":\"Vitta\"},\"image\":{\"@id\":\"http:\/\/papayavitta.com.br\/en\/#\/schema\/logo\/image\/\"}}]}<\/script>\n","yoast_head_json":{"title":"Exportadora de mam\u00e3o - Vitta","description":"Como exportadora de mam\u00e3o Vitta, temos o cuidado t\u00e9rmico especial, para que a fruta se mantenha fresca, saborosa e rica em nutrientes.","robots":{"index":"index","follow":"follow","max-snippet":"max-snippet:-1","max-image-preview":"max-image-preview:large","max-video-preview":"max-video-preview:-1"},"canonical":"https:\/\/papayavitta.com.br\/exportadora-vitta\/","og_locale":"es_ES","og_type":"article","og_title":"Exportadora de mam\u00e3o - Vitta","og_description":"Como exportadora de mam\u00e3o Vitta, temos o cuidado t\u00e9rmico especial, para que a fruta se mantenha fresca, saborosa e rica em nutrientes.","og_url":"https:\/\/papayavitta.com.br\/exportadora-vitta\/","og_site_name":"Vitta","article_modified_time":"2021-06-04T13:56:04+00:00","og_image":[{"width":1920,"height":400,"url":"https:\/\/papayavitta.com.br\/wp-content\/uploads\/2019\/09\/banner-exportadora.png","type":"image\/png"}],"twitter_card":"summary_large_image","twitter_misc":{"Tiempo de lectura":"1 minuto"},"schema":{"@context":"https:\/\/schema.org","@graph":[{"@type":"WebPage","@id":"https:\/\/papayavitta.com.br\/exportadora-vitta\/","url":"https:\/\/papayavitta.com.br\/exportadora-vitta\/","name":"Exportadora de mam\u00e3o - Vitta","isPartOf":{"@id":"http:\/\/papayavitta.com.br\/en\/#website"},"primaryImageOfPage":{"@id":"https:\/\/papayavitta.com.br\/exportadora-vitta\/#primaryimage"},"image":{"@id":"https:\/\/papayavitta.com.br\/exportadora-vitta\/#primaryimage"},"thumbnailUrl":"https:\/\/papayavitta.com.br\/wp-content\/uploads\/2019\/09\/banner-exportadora.png","datePublished":"2019-09-04T17:56:42+00:00","dateModified":"2021-06-04T13:56:04+00:00","description":"Como exportadora de mam\u00e3o Vitta, temos o cuidado t\u00e9rmico especial, para que a fruta se mantenha fresca, saborosa e rica em nutrientes.","breadcrumb":{"@id":"https:\/\/papayavitta.com.br\/exportadora-vitta\/#breadcrumb"},"inLanguage":"es","potentialAction":[{"@type":"ReadAction","target":["https:\/\/papayavitta.com.br\/exportadora-vitta\/"]}]},{"@type":"ImageObject","inLanguage":"es","@id":"https:\/\/papayavitta.com.br\/exportadora-vitta\/#primaryimage","url":"https:\/\/papayavitta.com.br\/wp-content\/uploads\/2019\/09\/banner-exportadora.png","contentUrl":"https:\/\/papayavitta.com.br\/wp-content\/uploads\/2019\/09\/banner-exportadora.png","width":1920,"height":400,"caption":"Interfruit Exportadora de mam\u00e3o"},{"@type":"BreadcrumbList","@id":"https:\/\/papayavitta.com.br\/exportadora-vitta\/#breadcrumb","itemListElement":[{"@type":"ListItem","position":1,"name":"In\u00edcio","item":"http:\/\/papayavitta.com.br\/en\/"},{"@type":"ListItem","position":2,"name":"Exportadora"}]},{"@type":"WebSite","@id":"http:\/\/papayavitta.com.br\/en\/#website","url":"http:\/\/papayavitta.com.br\/en\/","name":"Vitta","description":"Brazilian fruit","publisher":{"@id":"http:\/\/papayavitta.com.br\/en\/#organization"},"potentialAction":[{"@type":"SearchAction","target":{"@type":"EntryPoint","urlTemplate":"http:\/\/papayavitta.com.br\/en\/?s={search_term_string}"},"query-input":{"@type":"PropertyValueSpecification","valueRequired":true,"valueName":"search_term_string"}}],"inLanguage":"es"},{"@type":"Organization","@id":"http:\/\/papayavitta.com.br\/en\/#organization","name":"Vitta","url":"http:\/\/papayavitta.com.br\/en\/","logo":{"@type":"ImageObject","inLanguage":"es","@id":"http:\/\/papayavitta.com.br\/en\/#\/schema\/logo\/image\/","url":"https:\/\/papayavitta.com.br\/wp-content\/uploads\/2019\/09\/logo-vitta.png","contentUrl":"https:\/\/papayavitta.com.br\/wp-content\/uploads\/2019\/09\/logo-vitta.png","width":189,"height":214,"caption":"Vitta"},"image":{"@id":"http:\/\/papayavitta.com.br\/en\/#\/schema\/logo\/image\/"}}]}},"_links":{"self":[{"href":"https:\/\/papayavitta.com.br\/es\/wp-json\/wp\/v2\/pages\/15","targetHints":{"allow":["GET"]}}],"collection":[{"href":"https:\/\/papayavitta.com.br\/es\/wp-json\/wp\/v2\/pages"}],"about":[{"href":"https:\/\/papayavitta.com.br\/es\/wp-json\/wp\/v2\/types\/page"}],"author":[{"embeddable":true,"href":"https:\/\/papayavitta.com.br\/es\/wp-json\/wp\/v2\/users\/1"}],"replies":[{"embeddable":true,"href":"https:\/\/papayavitta.com.br\/es\/wp-json\/wp\/v2\/comments?post=15"}],"version-history":[{"count":6,"href":"https:\/\/papayavitta.com.br\/es\/wp-json\/wp\/v2\/pages\/15\/revisions"}],"predecessor-version":[{"id":395,"href":"https:\/\/papayavitta.com.br\/es\/wp-json\/wp\/v2\/pages\/15\/revisions\/395"}],"wp:featuredmedia":[{"embeddable":true,"href":"https:\/\/papayavitta.com.br\/es\/wp-json\/wp\/v2\/media\/164"}],"wp:attachment":[{"href":"https:\/\/papayavitta.com.br\/es\/wp-json\/wp\/v2\/media?parent=15"}],"curies":[{"name":"wp","href":"https:\/\/api.w.org\/{rel}","templated":true}]}}