{"id":96,"date":"2019-09-09T17:30:08","date_gmt":"2019-09-09T20:30:08","guid":{"rendered":"http:\/\/papayavitta.com.br\/?page_id=96"},"modified":"2021-06-13T20:06:30","modified_gmt":"2021-06-13T23:06:30","slug":"mamao-golden","status":"publish","type":"page","link":"https:\/\/papayavitta.com.br\/es\/produtos\/mamao-golden\/","title":{"rendered":"Papaya Golden"},"content":{"rendered":"<p>Son muchos los beneficios de la papaya dorada para quienes consumen esta fruta de sabor dulce y suave. Esta variedad de fruta desarrollada en Brasil tiene una forma muy redondeada, de unos 20 cm de ancho y un peso de unos 400 g.<\/p>\n<p>Sea cual sea la versi\u00f3n, la papaya es una fruta que ofrece beneficios funcionales muy interesantes para la salud de sus amantes. La fruta es rica en vitamina A, vitamina C, calcio, hierro y potasio. Esto se suma a las otras enzimas y sustancias que abundan en la fruta, como el licopeno.<\/p>\n<p>Con tantos nutrientes esenciales, no es raro que la papaya sea citada en investigaciones cient\u00edficas asociadas a la prevenci\u00f3n de enfermedades cr\u00f3nicas. La papaya es conocida por proteger el coraz\u00f3n, los ojos, la piel y el buen funcionamiento de los sistemas digestivo e inmunol\u00f3gico.<\/p>\n<h2 style=\"text-align: center;\"><strong>Valores nutricionales de la papaya<\/strong><\/h2>\n<p><img loading=\"lazy\" decoding=\"async\" class=\"wp-image-409 size-medium aligncenter\" src=\"https:\/\/papayavitta.com.br\/wp-content\/uploads\/2021\/06\/Informac\u0327o\u0303es-Nutricionais-ES-300x243.png\" alt=\"\" width=\"300\" height=\"243\" srcset=\"https:\/\/papayavitta.com.br\/wp-content\/uploads\/2021\/06\/Informac\u0327o\u0303es-Nutricionais-ES-300x243.png 300w, https:\/\/papayavitta.com.br\/wp-content\/uploads\/2021\/06\/Informac\u0327o\u0303es-Nutricionais-ES-768x622.png 768w, https:\/\/papayavitta.com.br\/wp-content\/uploads\/2021\/06\/Informac\u0327o\u0303es-Nutricionais-ES.png 846w\" sizes=\"auto, (max-width: 300px) 100vw, 300px\" \/><\/p>\n<p>&nbsp;<\/p>\n<p>Cuando hablamos de los beneficios de la papaya para la salud humana, es importante mencionar algunos componentes que se encuentran con bastante notoriedad en la papaya: la carpa\u00edna, la papa\u00edna y la vitamina C. Este \u00faltimo es esencial para el buen funcionamiento del organismo, por estar presente en diversos procesos metab\u00f3licos, ayudar al sistema inmunol\u00f3gico y a la recuperaci\u00f3n del col\u00e1geno en los tejidos. La papaya tiene el 100% de la concentraci\u00f3n de vitamina C para una dieta normal.<\/p>\n<p>La carpa\u00edna y la papa\u00edna son una potente combinaci\u00f3n para el buen funcionamiento del organismo. Ambos ayudan al cuerpo a digerir mejor los alimentos, mejorando el funcionamiento de los \u00f3rganos del sistema digestivo. La papa\u00edna tambi\u00e9n est\u00e1 asociada a la mejora del sistema cardiovascular y, por lo tanto, ayuda a prevenir las enfermedades del coraz\u00f3n.<\/p>\n<p>La papaya dorada re\u00fane todas las caracter\u00edsticas ideales para quienes quieren disfrutar de los beneficios de la fruta. Esta variedad tiene un tama\u00f1o perfecto para que su pulpa se consuma con una cuchara, directamente del fruto. Con un toque de lim\u00f3n, el sabor es a\u00fan mejor. Tambi\u00e9n se puede utilizar la papaya dorada como ingrediente de varias otras sabrosas recetas.<\/p>\n<h2 style=\"text-align: center;\"><strong>Sugerencia de receta<\/strong><\/h2>\n<p><img loading=\"lazy\" decoding=\"async\" class=\"aligncenter wp-image-268 size-full\" src=\"https:\/\/papayavitta.com.br\/wp-content\/uploads\/2021\/02\/Crema-de-papaya-ES.png\" alt=\"\" width=\"978\" height=\"787\" srcset=\"https:\/\/papayavitta.com.br\/wp-content\/uploads\/2021\/02\/Crema-de-papaya-ES.png 978w, https:\/\/papayavitta.com.br\/wp-content\/uploads\/2021\/02\/Crema-de-papaya-ES-300x241.png 300w, https:\/\/papayavitta.com.br\/wp-content\/uploads\/2021\/02\/Crema-de-papaya-ES-768x618.png 768w\" sizes=\"auto, (max-width: 978px) 100vw, 978px\" \/><\/p>\n<p><span style=\"color: #1c4525;\"><strong>PREPARACI\u00d3N:<\/strong><\/span><\/p>\n<ul>\n<li>Retire las semillas y la c\u00e1scara de la papaya;<\/li>\n<li>Batir la pulpa de la papaya en una batidora hasta que tenga consistencia l\u00edquida;<\/li>\n<li>A\u00f1adir el helado y batir en la batidora hasta que tenga consistencia de crema;<\/li>\n<li>Servir, opcionalmente, con una l\u00ednea de Licor de Cassis<strong>.<\/strong><\/li>\n<\/ul>\n<p><\/p>","protected":false},"excerpt":{"rendered":"<p>Son muchos los beneficios de la papaya dorada para quienes consumen esta fruta de sabor dulce y suave. Esta variedad de fruta desarrollada en Brasil tiene una forma muy redondeada, de unos 20 cm de ancho y un peso de unos 400 g. Sea cual sea la versi\u00f3n, la papaya es una fruta que ofrece [&hellip;]<\/p>\n","protected":false},"author":1,"featured_media":230,"parent":11,"menu_order":0,"comment_status":"closed","ping_status":"closed","template":"page-template-mamao.php","meta":{"footnotes":""},"class_list":["post-96","page","type-page","status-publish","has-post-thumbnail","hentry"],"yoast_head":"\n<title>Mam\u00e3o Golden - Vitta | Mais mam\u00e3o na sua vida<\/title>\n<meta name=\"description\" content=\"O mam\u00e3o Golden foi desenvolvido no Brasil e leva sabor doce e suave. Seja qual for a vers\u00e3o, \u00e9 um fruto que oferece benef\u00edcios funcionais. Confira!\" \/>\n<meta name=\"robots\" content=\"index, follow, max-snippet:-1, max-image-preview:large, max-video-preview:-1\" \/>\n<link rel=\"canonical\" href=\"https:\/\/papayavitta.com.br\/produtos\/mamao-golden\/\" \/>\n<meta property=\"og:locale\" content=\"es_ES\" \/>\n<meta property=\"og:type\" content=\"article\" \/>\n<meta property=\"og:title\" content=\"Mam\u00e3o Golden - Vitta | Mais mam\u00e3o na sua vida\" \/>\n<meta property=\"og:description\" content=\"O mam\u00e3o Golden foi desenvolvido no Brasil e leva sabor doce e suave. Seja qual for a vers\u00e3o, \u00e9 um fruto que oferece benef\u00edcios funcionais. Confira!\" \/>\n<meta property=\"og:url\" content=\"https:\/\/papayavitta.com.br\/produtos\/mamao-golden\/\" \/>\n<meta property=\"og:site_name\" content=\"Vitta\" \/>\n<meta property=\"article:modified_time\" content=\"2021-06-13T23:06:30+00:00\" \/>\n<meta property=\"og:image\" content=\"https:\/\/papayavitta.com.br\/wp-content\/uploads\/2020\/01\/banner-mamao-golden.png\" \/>\n\t<meta property=\"og:image:width\" content=\"1920\" \/>\n\t<meta property=\"og:image:height\" content=\"588\" \/>\n\t<meta property=\"og:image:type\" content=\"image\/png\" \/>\n<meta name=\"twitter:card\" content=\"summary_large_image\" \/>\n<meta name=\"twitter:label1\" content=\"Tiempo de lectura\" \/>\n\t<meta name=\"twitter:data1\" content=\"3 minutos\" \/>\n<script type=\"application\/ld+json\" class=\"yoast-schema-graph\">{\"@context\":\"https:\/\/schema.org\",\"@graph\":[{\"@type\":\"WebPage\",\"@id\":\"https:\/\/papayavitta.com.br\/produtos\/mamao-golden\/\",\"url\":\"https:\/\/papayavitta.com.br\/produtos\/mamao-golden\/\",\"name\":\"Mam\u00e3o Golden - Vitta | Mais mam\u00e3o na sua vida\",\"isPartOf\":{\"@id\":\"http:\/\/papayavitta.com.br\/en\/#website\"},\"primaryImageOfPage\":{\"@id\":\"https:\/\/papayavitta.com.br\/produtos\/mamao-golden\/#primaryimage\"},\"image\":{\"@id\":\"https:\/\/papayavitta.com.br\/produtos\/mamao-golden\/#primaryimage\"},\"thumbnailUrl\":\"https:\/\/papayavitta.com.br\/wp-content\/uploads\/2020\/01\/banner-mamao-golden.png\",\"datePublished\":\"2019-09-09T20:30:08+00:00\",\"dateModified\":\"2021-06-13T23:06:30+00:00\",\"description\":\"O mam\u00e3o Golden foi desenvolvido no Brasil e leva sabor doce e suave. Seja qual for a vers\u00e3o, \u00e9 um fruto que oferece benef\u00edcios funcionais. Confira!\",\"breadcrumb\":{\"@id\":\"https:\/\/papayavitta.com.br\/produtos\/mamao-golden\/#breadcrumb\"},\"inLanguage\":\"es\",\"potentialAction\":[{\"@type\":\"ReadAction\",\"target\":[\"https:\/\/papayavitta.com.br\/produtos\/mamao-golden\/\"]}]},{\"@type\":\"ImageObject\",\"inLanguage\":\"es\",\"@id\":\"https:\/\/papayavitta.com.br\/produtos\/mamao-golden\/#primaryimage\",\"url\":\"https:\/\/papayavitta.com.br\/wp-content\/uploads\/2020\/01\/banner-mamao-golden.png\",\"contentUrl\":\"https:\/\/papayavitta.com.br\/wp-content\/uploads\/2020\/01\/banner-mamao-golden.png\",\"width\":1920,\"height\":588},{\"@type\":\"BreadcrumbList\",\"@id\":\"https:\/\/papayavitta.com.br\/produtos\/mamao-golden\/#breadcrumb\",\"itemListElement\":[{\"@type\":\"ListItem\",\"position\":1,\"name\":\"In\u00edcio\",\"item\":\"http:\/\/papayavitta.com.br\/en\/\"},{\"@type\":\"ListItem\",\"position\":2,\"name\":\"Products\",\"item\":\"https:\/\/papayavitta.com.br\/en\/produtos\/\"},{\"@type\":\"ListItem\",\"position\":3,\"name\":\"Papaya Golden\"}]},{\"@type\":\"WebSite\",\"@id\":\"http:\/\/papayavitta.com.br\/en\/#website\",\"url\":\"http:\/\/papayavitta.com.br\/en\/\",\"name\":\"Vitta\",\"description\":\"Brazilian fruit\",\"publisher\":{\"@id\":\"http:\/\/papayavitta.com.br\/en\/#organization\"},\"potentialAction\":[{\"@type\":\"SearchAction\",\"target\":{\"@type\":\"EntryPoint\",\"urlTemplate\":\"http:\/\/papayavitta.com.br\/en\/?s={search_term_string}\"},\"query-input\":{\"@type\":\"PropertyValueSpecification\",\"valueRequired\":true,\"valueName\":\"search_term_string\"}}],\"inLanguage\":\"es\"},{\"@type\":\"Organization\",\"@id\":\"http:\/\/papayavitta.com.br\/en\/#organization\",\"name\":\"Vitta\",\"url\":\"http:\/\/papayavitta.com.br\/en\/\",\"logo\":{\"@type\":\"ImageObject\",\"inLanguage\":\"es\",\"@id\":\"http:\/\/papayavitta.com.br\/en\/#\/schema\/logo\/image\/\",\"url\":\"https:\/\/papayavitta.com.br\/wp-content\/uploads\/2019\/09\/logo-vitta.png\",\"contentUrl\":\"https:\/\/papayavitta.com.br\/wp-content\/uploads\/2019\/09\/logo-vitta.png\",\"width\":189,\"height\":214,\"caption\":\"Vitta\"},\"image\":{\"@id\":\"http:\/\/papayavitta.com.br\/en\/#\/schema\/logo\/image\/\"}}]}<\/script>\n","yoast_head_json":{"title":"Mam\u00e3o Golden - Vitta | Mais mam\u00e3o na sua vida","description":"O mam\u00e3o Golden foi desenvolvido no Brasil e leva sabor doce e suave. Seja qual for a vers\u00e3o, \u00e9 um fruto que oferece benef\u00edcios funcionais. Confira!","robots":{"index":"index","follow":"follow","max-snippet":"max-snippet:-1","max-image-preview":"max-image-preview:large","max-video-preview":"max-video-preview:-1"},"canonical":"https:\/\/papayavitta.com.br\/produtos\/mamao-golden\/","og_locale":"es_ES","og_type":"article","og_title":"Mam\u00e3o Golden - Vitta | Mais mam\u00e3o na sua vida","og_description":"O mam\u00e3o Golden foi desenvolvido no Brasil e leva sabor doce e suave. Seja qual for a vers\u00e3o, \u00e9 um fruto que oferece benef\u00edcios funcionais. Confira!","og_url":"https:\/\/papayavitta.com.br\/produtos\/mamao-golden\/","og_site_name":"Vitta","article_modified_time":"2021-06-13T23:06:30+00:00","og_image":[{"width":1920,"height":588,"url":"https:\/\/papayavitta.com.br\/wp-content\/uploads\/2020\/01\/banner-mamao-golden.png","type":"image\/png"}],"twitter_card":"summary_large_image","twitter_misc":{"Tiempo de lectura":"3 minutos"},"schema":{"@context":"https:\/\/schema.org","@graph":[{"@type":"WebPage","@id":"https:\/\/papayavitta.com.br\/produtos\/mamao-golden\/","url":"https:\/\/papayavitta.com.br\/produtos\/mamao-golden\/","name":"Mam\u00e3o Golden - Vitta | Mais mam\u00e3o na sua vida","isPartOf":{"@id":"http:\/\/papayavitta.com.br\/en\/#website"},"primaryImageOfPage":{"@id":"https:\/\/papayavitta.com.br\/produtos\/mamao-golden\/#primaryimage"},"image":{"@id":"https:\/\/papayavitta.com.br\/produtos\/mamao-golden\/#primaryimage"},"thumbnailUrl":"https:\/\/papayavitta.com.br\/wp-content\/uploads\/2020\/01\/banner-mamao-golden.png","datePublished":"2019-09-09T20:30:08+00:00","dateModified":"2021-06-13T23:06:30+00:00","description":"O mam\u00e3o Golden foi desenvolvido no Brasil e leva sabor doce e suave. Seja qual for a vers\u00e3o, \u00e9 um fruto que oferece benef\u00edcios funcionais. Confira!","breadcrumb":{"@id":"https:\/\/papayavitta.com.br\/produtos\/mamao-golden\/#breadcrumb"},"inLanguage":"es","potentialAction":[{"@type":"ReadAction","target":["https:\/\/papayavitta.com.br\/produtos\/mamao-golden\/"]}]},{"@type":"ImageObject","inLanguage":"es","@id":"https:\/\/papayavitta.com.br\/produtos\/mamao-golden\/#primaryimage","url":"https:\/\/papayavitta.com.br\/wp-content\/uploads\/2020\/01\/banner-mamao-golden.png","contentUrl":"https:\/\/papayavitta.com.br\/wp-content\/uploads\/2020\/01\/banner-mamao-golden.png","width":1920,"height":588},{"@type":"BreadcrumbList","@id":"https:\/\/papayavitta.com.br\/produtos\/mamao-golden\/#breadcrumb","itemListElement":[{"@type":"ListItem","position":1,"name":"In\u00edcio","item":"http:\/\/papayavitta.com.br\/en\/"},{"@type":"ListItem","position":2,"name":"Products","item":"https:\/\/papayavitta.com.br\/en\/produtos\/"},{"@type":"ListItem","position":3,"name":"Papaya Golden"}]},{"@type":"WebSite","@id":"http:\/\/papayavitta.com.br\/en\/#website","url":"http:\/\/papayavitta.com.br\/en\/","name":"Vitta","description":"Brazilian fruit","publisher":{"@id":"http:\/\/papayavitta.com.br\/en\/#organization"},"potentialAction":[{"@type":"SearchAction","target":{"@type":"EntryPoint","urlTemplate":"http:\/\/papayavitta.com.br\/en\/?s={search_term_string}"},"query-input":{"@type":"PropertyValueSpecification","valueRequired":true,"valueName":"search_term_string"}}],"inLanguage":"es"},{"@type":"Organization","@id":"http:\/\/papayavitta.com.br\/en\/#organization","name":"Vitta","url":"http:\/\/papayavitta.com.br\/en\/","logo":{"@type":"ImageObject","inLanguage":"es","@id":"http:\/\/papayavitta.com.br\/en\/#\/schema\/logo\/image\/","url":"https:\/\/papayavitta.com.br\/wp-content\/uploads\/2019\/09\/logo-vitta.png","contentUrl":"https:\/\/papayavitta.com.br\/wp-content\/uploads\/2019\/09\/logo-vitta.png","width":189,"height":214,"caption":"Vitta"},"image":{"@id":"http:\/\/papayavitta.com.br\/en\/#\/schema\/logo\/image\/"}}]}},"_links":{"self":[{"href":"https:\/\/papayavitta.com.br\/es\/wp-json\/wp\/v2\/pages\/96","targetHints":{"allow":["GET"]}}],"collection":[{"href":"https:\/\/papayavitta.com.br\/es\/wp-json\/wp\/v2\/pages"}],"about":[{"href":"https:\/\/papayavitta.com.br\/es\/wp-json\/wp\/v2\/types\/page"}],"author":[{"embeddable":true,"href":"https:\/\/papayavitta.com.br\/es\/wp-json\/wp\/v2\/users\/1"}],"replies":[{"embeddable":true,"href":"https:\/\/papayavitta.com.br\/es\/wp-json\/wp\/v2\/comments?post=96"}],"version-history":[{"count":9,"href":"https:\/\/papayavitta.com.br\/es\/wp-json\/wp\/v2\/pages\/96\/revisions"}],"predecessor-version":[{"id":414,"href":"https:\/\/papayavitta.com.br\/es\/wp-json\/wp\/v2\/pages\/96\/revisions\/414"}],"up":[{"embeddable":true,"href":"https:\/\/papayavitta.com.br\/es\/wp-json\/wp\/v2\/pages\/11"}],"wp:featuredmedia":[{"embeddable":true,"href":"https:\/\/papayavitta.com.br\/es\/wp-json\/wp\/v2\/media\/230"}],"wp:attachment":[{"href":"https:\/\/papayavitta.com.br\/es\/wp-json\/wp\/v2\/media?parent=96"}],"curies":[{"name":"wp","href":"https:\/\/api.w.org\/{rel}","templated":true}]}}